{"id":178,"date":"2008-12-20T12:45:27","date_gmt":"2008-12-20T11:45:27","guid":{"rendered":"http:\/\/sw-osterfeine.de\/?page_id=178"},"modified":"2024-07-24T08:49:17","modified_gmt":"2024-07-24T06:49:17","slug":"uber-uns","status":"publish","type":"page","link":"https:\/\/sw-osterfeine.de\/?page_id=178","title":{"rendered":"\u00dcber uns"},"content":{"rendered":"<p><strong>Die Spielvereinigung Schwarz-Weiss Osterfeine von 1925 e. V. in K\u00fcrze: \u00a0 \u00a0 \u00a0 \u00a0<\/strong><a href=\"https:\/\/sw-osterfeine.de\/?page_id=5116\">EHRENAMT<\/a> &lt;&#8211;klicken!<\/p>\n<ul>\n<li>gegr\u00fcndet 1925<\/li>\n<li>Vereinsfarben: schwarz-wei\u00df<\/li>\n<li>Mitglied im Kreissportbund Vechta<\/li>\n<li>Mitglied im Nieders\u00e4chsischen Fu\u00dfballverband<\/li>\n<li>1.895 Mitglieder (Stand: 15.12.2024)<\/li>\n<li>\u00fcber 1100 Mitglieder treiben w\u00f6chentlich Sport<\/li>\n<\/ul>\n<p><strong>Mannschaften: \u00a0 \u00a0 \u00a0 \u00a0 \u00a0 \u00a0 \u00a0 \u00a0 \u00a0 \u00a0 \u00a0 \u00a0 \u00a0 \u00a0 \u00a0 \u00a0 \u00a0 \u00a0 \u00a0 \u00a0 \u00a0 \u00a0 \u00a0 \u00a0 \u00a0 \u00a0 \u00a0 \u00a0 \u00a0 \u00a0 \u00a0 \u00a0 \u00a0 \u00a0 \u00a0 \u00a0 \u00a0 \u00a0 \u00a0 \u00a0 \u00a0 \u00a0 \u00a0 \u00a0 \u00a0 \u00a0 \u00a0 \u00a0 \u00a0 \u00a0 \u00a0\u00a0<\/strong><a href=\"https:\/\/sw-osterfeine.de\/?page_id=5117\">UNSER WEG<\/a> &lt;&#8211;klicken!<\/p>\n<ul>\n<li>3 Herren-Fu\u00dfballmannschaften<\/li>\n<li>1 Altherren Fu\u00dfballmannschaft<\/li>\n<li>1 Altliga und Superaltliga Fu\u00dfballmannschaft<\/li>\n<li>15 Jugendmannschaften im Fu\u00dfball<\/li>\n<li>23 aktive Turngruppen<\/li>\n<li>2 Damen-Handballmannschaften<\/li>\n<li>10 Jugendmannschaften im Handball<\/li>\n<li>2 Dartmannschaften<\/li>\n<\/ul>\n<p><strong>Allgemein: \u00a0 \u00a0 \u00a0 \u00a0 \u00a0 \u00a0 \u00a0 \u00a0 \u00a0 \u00a0 \u00a0 \u00a0 \u00a0 \u00a0 \u00a0 \u00a0 \u00a0 \u00a0 \u00a0 \u00a0 \u00a0 \u00a0 \u00a0 \u00a0 \u00a0 \u00a0 \u00a0 \u00a0 \u00a0 \u00a0 \u00a0 \u00a0 \u00a0 \u00a0 \u00a0 \u00a0 \u00a0 \u00a0 \u00a0 \u00a0 \u00a0 \u00a0 \u00a0 \u00a0 \u00a0 \u00a0 \u00a0 \u00a0 \u00a0 \u00a0 \u00a0 \u00a0 \u00a0 \u00a0 \u00a0\u00a0<\/strong><a href=\"https:\/\/sw-osterfeine.de\/?page_id=5126\">SPORTHALLE<\/a> &lt;&#8211;klicken!<\/p>\n<ul>\n<li>j\u00e4hrlich \u00fcber 750 Pflicht- und Freundschaftsspiele<\/li>\n<li>\u00fcber 2000 Trainingseinheiten im Fu\u00df- und Handballbereich im Jahr<\/li>\n<li>ca. 1.000 \u00dcbungsstunden im Turnen jedes Jahr<\/li>\n<li>150 ehrenamtliche Kr\u00e4fte sind st\u00e4ndig im Einsatz f\u00fcr den OSV<\/li>\n<li>alle Mannschaften spielen mit eigenen Kr\u00e4ften, d. h. alle Spieler entstammen der eigenen Jugend!<\/li>\n<li>zweckgebundene Verwendung vereinseigener Mittel, z. B. f\u00fcr die Unterhaltung der Sportanlagen, F\u00f6rderungen der Jugendtrainer usw.<\/li>\n<li>4 Fu\u00dfballrasenpl\u00e4tze, alle mit Flutlicht, in Osterfeine und 2 Kleinspielfeldpl\u00e4tze<\/li>\n<li>2 Beachhandballfelder in Osterfeine stehen zur Verf\u00fcgung<\/li>\n<li>Handball wird in der vereinseigenen Halle gespielt, erbaut 1973, renoviert in den Jahren 2003 und 2007<\/li>\n<li>Geturnt wird in der vereinseigenen Halle, im Gymnastikraum in der Sporthalle in Osterfeine und in der Sporthalle in R\u00fcschendorf, Fitnessraum \u00fcber dem Sch\u00fctzentreff<\/li>\n<li>Vereinsnummer: 084320<\/li>\n<li>Die Vereinszeitung \u201esw-aktuell\u201c erscheint zu jedem Heimspiel, Auflage: 100 Stck.<\/li>\n<\/ul>\n","protected":false},"excerpt":{"rendered":"<p>Die Spielvereinigung Schwarz-Weiss Osterfeine von 1925 e. V. in K\u00fcrze: \u00a0 \u00a0 \u00a0 \u00a0EHRENAMT &lt;&#8211;klicken! gegr\u00fcndet 1925 Vereinsfarben: schwarz-wei\u00df Mitglied im Kreissportbund Vechta Mitglied im Nieders\u00e4chsischen Fu\u00dfballverband 1.895 Mitglieder (Stand: 15.12.2024) \u00fcber 1100 Mitglieder treiben w\u00f6chentlich Sport Mannschaften: \u00a0 \u00a0 \u00a0 \u00a0 \u00a0 \u00a0 \u00a0 \u00a0 \u00a0 \u00a0 \u00a0 \u00a0 \u00a0 \u00a0 \u00a0 \u00a0 \u00a0 [&hellip;]<\/p>\n","protected":false},"author":3,"featured_media":0,"parent":54,"menu_order":1,"comment_status":"closed","ping_status":"closed","template":"","meta":{"footnotes":""},"_links":{"self":[{"href":"https:\/\/sw-osterfeine.de\/index.php?rest_route=\/wp\/v2\/pages\/178"}],"collection":[{"href":"https:\/\/sw-osterfeine.de\/index.php?rest_route=\/wp\/v2\/pages"}],"about":[{"href":"https:\/\/sw-osterfeine.de\/index.php?rest_route=\/wp\/v2\/types\/page"}],"author":[{"embeddable":true,"href":"https:\/\/sw-osterfeine.de\/index.php?rest_route=\/wp\/v2\/users\/3"}],"replies":[{"embeddable":true,"href":"https:\/\/sw-osterfeine.de\/index.php?rest_route=%2Fwp%2Fv2%2Fcomments&post=178"}],"version-history":[{"count":40,"href":"https:\/\/sw-osterfeine.de\/index.php?rest_route=\/wp\/v2\/pages\/178\/revisions"}],"predecessor-version":[{"id":34481,"href":"https:\/\/sw-osterfeine.de\/index.php?rest_route=\/wp\/v2\/pages\/178\/revisions\/34481"}],"up":[{"embeddable":true,"href":"https:\/\/sw-osterfeine.de\/index.php?rest_route=\/wp\/v2\/pages\/54"}],"wp:attachment":[{"href":"https:\/\/sw-osterfeine.de\/index.php?rest_route=%2Fwp%2Fv2%2Fmedia&parent=178"}],"curies":[{"name":"wp","href":"https:\/\/api.w.org\/{rel}","templated":true}]}}