{"id":19806,"date":"2017-09-06T11:28:23","date_gmt":"2017-09-06T09:28:23","guid":{"rendered":"http:\/\/sw-osterfeine.de\/?page_id=19806"},"modified":"2025-02-12T08:36:28","modified_gmt":"2025-02-12T07:36:28","slug":"bericht","status":"publish","type":"page","link":"https:\/\/sw-osterfeine.de\/?page_id=19806","title":{"rendered":"Bericht 2018"},"content":{"rendered":"<p>B<strong>ericht zur 2. OSV-Skifreizeit<\/strong><strong> vom 17. bis 24. M\u00e4rz 2018 in Oetz<\/strong><\/p>\n<p>Nach fast zweij\u00e4hriger Vorbereitung durch die 4 Organisatoren \u2013 Beginn der Organisation war im Prinzip gleich nach der ersten Ski-Reise im M\u00e4rz 2016 \u2013 starteten am 16.03.2018 im Laufe des Tages die ersten Autos in Richtung Oetz. Der Doppeldecker-Bus der Firma Diersen aus Essen\/Oldenburg stand an diesem Freitagabend ab 21 Uhr zur Beladung vor der Sporthalle Osterfeine, von wo er gegen 21:30 Uhr mit 70 Personen im Alter zwischen 6 und 54 Jahren startete.\u00a0Im Laufe der Nacht folgten dann weitere Autos. Insgesamt nahmen 121 Personen \u2013 der Gro\u00dfteil der Teilnehmer kam wieder aus den Ortschaften Osterfeine und R\u00fcschendorf &#8211; an diesem Skiurlaub in Oetz teil. Das familien-freundliche Skigebiet liegt ca. 80 km s\u00fcdlich von F\u00fcssen, dem Grenz\u00fcbergang zu \u00d6sterreich im Allg\u00e4u. Am Samstagmorgen genossen dann 104 Personen das zuvor schon bestellte Fr\u00fchst\u00fcck im Hotel J\u00e4gerhof. Die restlichen Teilnehmer trafen im Laufe des Samstags im Hotel ein. Rund um das Hotel waren zus\u00e4tzlich die in unmittelbarer N\u00e4he zum Hotel liegenden Pensionen Acherkogelblick, Haus Tirolerland, Haus Johannes und die Ferienwohnung Fiegl angemietet. Die Verpflegung von 117 Teilnehmern fand im Hotel J\u00e4gerhof statt. 4 der 121 Teilnehmer waren in der Pension Stecher untergebracht und wurden auch dort verpflegt. Nach dem Fr\u00fchst\u00fcck ging es los um die reservierten Skiausr\u00fcstungen abzuholen und dann mit der Gondel von 820 m auf \u00fcber 2000 m auf den Berg zu fahren. Das war besonders f\u00fcr die Teilnehmer spannend, die nie zuvor im Skiurlaub waren \u2013 und es waren wieder einige.<\/p>\n<p>Am Sonntag, 18.03.2018 starteten dann \u00fcber 60 Teilnehmer \u2013 leistungsm\u00e4\u00dfig aufgeteilt in \u00fcber 10 Gruppen \u2013 um Punkt 10 Uhr mit den Ski- und Snowboardkursen. Bei nicht optimalen Wetter-bedingungen \u2013 es herrschte Nebel mit nicht optimaler Sichtweite \u2013 zogen alle Teilnehmer auf den mit bis zu 2 m mit Schnee bedeckten Skipisten ihre Bahnen. Die Haltestelle f\u00fcr den kostenlosen Skibus zur Talstation befand sich direkt vor dem Hotel. Als am ersten Tag nahezu alle Mitreisenden den ersten Bus bestiegen, konnte keine weitere Haltestelle mehr angefahren werden \u2013 der Bus war mit \u00fcber 110 Personen bis auf den letzten Platz belegt. Am Dienstag hatten wir mit \u00fcber 20 cm Neuschnee zu k\u00e4mpfen. Einige Bewohner des Ortes teilten uns mit, dass sie mittlerweile keinen Schnee mehr sehen k\u00f6nnten, denn dieser \u201eschm\u00fcckte\u201c den Ort durchg\u00e4ngig schon seit vor Weihnachten. Aber kein Teilnehmer lie\u00df sich entmutigen, denn alle Pisten werden t\u00e4glich pr\u00e4pariert. Von da an wurde das Wetter von Tag zu Tag besser. Schon am Mittwochnachmittag war der Himmel nahezu wolkenlos und die Sonne kam heraus. Das bereits am Anreisetag \u00fcber dem Hoteleingang angebrachte 3,50 m breite OSV-Ski-Banner wies auch nach au\u00dfen auf die Anwesenheit der Bewohner aus S\u00fcdoldenburg hin. Zus\u00e4tzlich zu unserer Gruppe waren zeitgleich noch mindesten zwei weitere Familien aus dem Dammer Osten in Oetz. Auch Apr\u00e8s-Ski in den unterschiedlichsten H\u00fctten und der Schirmbar kam nicht zu kurz. So ging es f\u00fcr den einen oder anderen nach der Abfahrt mit der Gondel mit Einkehrschwung in die Schirmbar.<\/p>\n<p>Am Hotel J\u00e4gerhof waren \u00fcber die Woche einige Handwerker mit der Errichtung eines zus\u00e4tzlichen Fr\u00fchst\u00fccksraumes besch\u00e4ftigt. Regelm\u00e4\u00dfig wurde diese Baustelle von den in unserer Gruppe mitgereisten Handwerkern begutachtet. Am Donnerstag wurde dann eine vorgefertigte Holzkonstruktion aufgestellt die uns kurzerhand dazu veranlasste, ein Richtfest mit dem Bauherren-Ehepaar Angelika &amp; Klaus J\u00e4ger zu feiern. Nach dem von Markus Kramer aufgesagten Richtspruch sangen alle Anwesenden noch \u201eGro\u00dfer Gott wir loben dich\u2026\u201c.\u00a0 \u00a0Der zweite Teil dieser (nur von Frauen durchgef\u00fchrten) Feier begann nach Vorbereitung in der Schirmbar in der Pension Stecher. Hier wurde von der Betreiberin Silvia auf die \u00f6sterreichische Tradition zum Richtfest hingewiesen. So kamen die Frauen dann mit einem ausgedienten Weihnachtsbaum auf der o. g. Baustelle an, der dann noch ent-sprechend begossen wurde.<\/p>\n<p>Regelm\u00e4\u00dfig wurden nach jedem Abendessen teilweise bis sp\u00e4t in den Abend Informationen \u00fcber die vorangegangenen Tage ausgetauscht. Diese Woche verging mal wieder wie im Flug\u2026<\/p>\n<p>Am Freitagnachmittag wurden dann die geliehenen Skiausr\u00fcstungen wieder abgegeben, denn der Skiurlaub neigte sich schon dem Ende entgegen. Dann ging es zum Kofferpacken ins Hotel und in die Pensionen, denn noch vor dem Abendessen wurde der Bus beladen. Um 20:35 Uhr setzte sich der Bus mit Fahrer Olli in Bewegung und kam nach zwei planm\u00e4\u00dfigen Stopps nach rund 10,5 Stunden Reisezeit am Samstagmorgen gegen 7 Uhr wieder in Osterfeine an.<\/p>\n<p>Fazit dieser zweiten OSV-Skifreizeit:<\/p>\n<p><strong>Wir hatten wieder sehr viel Spa\u00df!!<\/strong><\/p>\n<p>Alle Teilnehmer sind auch dieses Mal ohne nennenswert schwere Verletzungen aus dem Skiurlaub zur\u00fcckgekehrt. Und wieder haben viele Teilnehmer eine Sportart getestet und f\u00fcr sich entdeckt, die es ohne diese Gro\u00df-Veranstaltung wohl nie versucht h\u00e4tten. Denn auch dieses Mal waren doch viele Teilnehmer dabei, die nie zuvor auf Skiern gestanden haben. Eine Wiederholung in der ersten Osterferien-Woche 2020, also vom 28.03.-04.04.2020, ist angedacht \u2013 aber nicht in einer solchen Gruppengr\u00f6\u00dfe!!<\/p>\n<p>Einige Bilder dieser Reise sind auf der Internetseite des Sportvereins zu sehen.<\/p>\n<p>Viele Gr\u00fc\u00dfe<\/p>\n<p>\u2026die Organisatoren\u2026<br \/>\nMaria Robke-Piening, Frank B\u00f6ckmann, Andre B\u00f6ckmann und Christof Macke<\/p>\n","protected":false},"excerpt":{"rendered":"<p>Bericht zur 2. OSV-Skifreizeit vom 17. bis 24. M\u00e4rz 2018 in Oetz Nach fast zweij\u00e4hriger Vorbereitung durch die 4 Organisatoren \u2013 Beginn der Organisation war im Prinzip gleich nach der ersten Ski-Reise im M\u00e4rz 2016 \u2013 starteten am 16.03.2018 im Laufe des Tages die ersten Autos in Richtung Oetz. Der Doppeldecker-Bus der Firma Diersen aus [&hellip;]<\/p>\n","protected":false},"author":3,"featured_media":0,"parent":19723,"menu_order":3,"comment_status":"closed","ping_status":"closed","template":"","meta":{"footnotes":""},"_links":{"self":[{"href":"https:\/\/sw-osterfeine.de\/index.php?rest_route=\/wp\/v2\/pages\/19806"}],"collection":[{"href":"https:\/\/sw-osterfeine.de\/index.php?rest_route=\/wp\/v2\/pages"}],"about":[{"href":"https:\/\/sw-osterfeine.de\/index.php?rest_route=\/wp\/v2\/types\/page"}],"author":[{"embeddable":true,"href":"https:\/\/sw-osterfeine.de\/index.php?rest_route=\/wp\/v2\/users\/3"}],"replies":[{"embeddable":true,"href":"https:\/\/sw-osterfeine.de\/index.php?rest_route=%2Fwp%2Fv2%2Fcomments&post=19806"}],"version-history":[{"count":4,"href":"https:\/\/sw-osterfeine.de\/index.php?rest_route=\/wp\/v2\/pages\/19806\/revisions"}],"predecessor-version":[{"id":36035,"href":"https:\/\/sw-osterfeine.de\/index.php?rest_route=\/wp\/v2\/pages\/19806\/revisions\/36035"}],"up":[{"embeddable":true,"href":"https:\/\/sw-osterfeine.de\/index.php?rest_route=\/wp\/v2\/pages\/19723"}],"wp:attachment":[{"href":"https:\/\/sw-osterfeine.de\/index.php?rest_route=%2Fwp%2Fv2%2Fmedia&parent=19806"}],"curies":[{"name":"wp","href":"https:\/\/api.w.org\/{rel}","templated":true}]}}