{"id":388,"date":"2009-01-08T18:33:04","date_gmt":"2009-01-08T17:33:04","guid":{"rendered":"http:\/\/sw-osterfeine.de\/?page_id=388"},"modified":"2025-11-13T11:58:42","modified_gmt":"2025-11-13T10:58:42","slug":"1-a-jugend-minis","status":"publish","type":"page","link":"https:\/\/sw-osterfeine.de\/?page_id=388","title":{"rendered":"D &#8211; Minis"},"content":{"rendered":"\n<table style=\"border-collapse: collapse; width: 100%; height: 2488px;\">\n<tbody>\n<tr style=\"height: 421px;\">\n<td style=\"width: 50%; height: 421px;\">\n<p>1. D-Jugend<\/p>\n<p><strong>Trainerteam<\/strong><\/p>\n<p>Mannschaftsverantwortliche: Verena St\u00e4rk\u00a0<\/p>\n<p>Judith gr. Austing\u00a0<\/p>\n<p><strong>Training:<\/strong><\/p>\n<p>Dienstag: 16:00 &#8211; 17:30 Uhr\u00a0<\/p>\n<p>Freitag: 17:00 &#8211; 19:00 Uhr\u00a0<\/p>\n<p>\u00a0<\/p>\n<\/td>\n<td style=\"width: 50%; height: 421px;\">\n<p><a href=\"https:\/\/sw-osterfeine.de\/wp-content\/uploads\/2025\/09\/Mannschaftsfoto-2.jpg\" data-rel=\"lightbox-image-0\" data-rl_title=\"\" data-rl_caption=\"\" title=\"\"><img loading=\"lazy\" decoding=\"async\" class=\"aligncenter wp-image-37562 size-medium\" src=\"https:\/\/sw-osterfeine.de\/wp-content\/uploads\/2025\/09\/Mannschaftsfoto-2-e1759159198330-300x254.jpg\" alt=\"\" width=\"300\" height=\"254\" srcset=\"https:\/\/sw-osterfeine.de\/wp-content\/uploads\/2025\/09\/Mannschaftsfoto-2-e1759159198330-300x254.jpg 300w, https:\/\/sw-osterfeine.de\/wp-content\/uploads\/2025\/09\/Mannschaftsfoto-2-e1759159198330-1024x866.jpg 1024w, https:\/\/sw-osterfeine.de\/wp-content\/uploads\/2025\/09\/Mannschaftsfoto-2-e1759159198330-768x650.jpg 768w, https:\/\/sw-osterfeine.de\/wp-content\/uploads\/2025\/09\/Mannschaftsfoto-2-e1759159198330.jpg 1154w\" sizes=\"(max-width: 300px) 100vw, 300px\" \/><\/a><\/p>\n<p style=\"text-align: center;\"><strong>v.v.l.:<\/strong> Hanna Macke, Emily Blanke, Sophia gr. Austing, Anni Enneking, Klara Pieper, Martha St\u00e4rk\u00a0<\/p>\n<p style=\"text-align: center;\">\u00a0<\/p>\n<p style=\"text-align: center;\"><strong>h.v.l.:<\/strong> Trainerin Verena St\u00e4rk, Ida gr. Austing, Anni Klanke, Mia R\u00f6mer, Charlotte gr. Austing, Charlotte Lamping, Emily-May Ewald, Trainerin Judith gr. Austing\u00a0<\/p>\n<\/td>\n<\/tr>\n<tr style=\"height: 23px;\">\n<td style=\"width: 50%; height: 23px;\">\u00a0<\/td>\n<td style=\"width: 50%; height: 23px;\">\u00a0<\/td>\n<\/tr>\n<tr style=\"height: 421px;\">\n<td style=\"width: 50%; height: 421px;\">\n<p>2. D-Jugend<\/p>\n<p><strong>Trainerteam<\/strong><\/p>\n<p>Mannschaftsverantwortliche: Greta Kalus\u00a0<\/p>\n<p>Kathi B\u00f6rger\u00a0<\/p>\n<p>Jette Sonnen\u00a0<\/p>\n<p><strong>Training:<\/strong><\/p>\n<p>Mittwoch: 16:00 &#8211; 17:30 Uhr\u00a0<\/p>\n<p>Freitag: 17:00 &#8211; 19:00 Uhr<\/p>\n<\/td>\n<td style=\"width: 50%; height: 421px;\"><a href=\"https:\/\/sw-osterfeine.de\/wp-content\/uploads\/2025\/11\/Mannschaftsfoto-scaled.jpeg\" data-rel=\"lightbox-image-1\" data-rl_title=\"\" data-rl_caption=\"\" title=\"\"><img loading=\"lazy\" decoding=\"async\" class=\"aligncenter wp-image-38214 size-medium\" src=\"https:\/\/sw-osterfeine.de\/wp-content\/uploads\/2025\/11\/Mannschaftsfoto-scaled-e1763031343487-300x221.jpeg\" alt=\"\" width=\"300\" height=\"221\" srcset=\"https:\/\/sw-osterfeine.de\/wp-content\/uploads\/2025\/11\/Mannschaftsfoto-scaled-e1763031343487-300x221.jpeg 300w, https:\/\/sw-osterfeine.de\/wp-content\/uploads\/2025\/11\/Mannschaftsfoto-scaled-e1763031343487-1024x753.jpeg 1024w, https:\/\/sw-osterfeine.de\/wp-content\/uploads\/2025\/11\/Mannschaftsfoto-scaled-e1763031343487-768x565.jpeg 768w, https:\/\/sw-osterfeine.de\/wp-content\/uploads\/2025\/11\/Mannschaftsfoto-scaled-e1763031343487-1536x1130.jpeg 1536w, https:\/\/sw-osterfeine.de\/wp-content\/uploads\/2025\/11\/Mannschaftsfoto-scaled-e1763031343487.jpeg 1920w\" sizes=\"(max-width: 300px) 100vw, 300px\" \/><\/a>\n<p style=\"text-align: center;\"><strong>h.v.l.:<\/strong> Jette Sonnen (Trainer) , Leonie Wielenberg, Leni gr. Sandermann, Janne Rie\u00dfelmann, Kathi B\u00f6rger (Trainer), Frieda B\u00f6ckerstette, Sarah gr. Austing, Greta Balster, Greta Kalus (Trainer)<\/p>\n<p>\u00a0<\/p>\n<p style=\"text-align: center;\"><strong>v.v.l.:<\/strong> Ella Lampe, Elisa kl. Hillmann, Milla Kamps, Lisa Grote, Antonia Ebbinghaus, Freda Runnebaum, Luise Gravemeyer<\/p>\n<\/td>\n<\/tr>\n<tr style=\"height: 23px;\">\n<td style=\"width: 50%; height: 23px;\">\u00a0<\/td>\n<td style=\"width: 50%; height: 23px;\">\u00a0<\/td>\n<\/tr>\n<tr style=\"height: 370px;\">\n<td style=\"width: 50%; height: 370px;\">\n<p>E-Jugend<\/p>\n<p><strong>Trainerteam<\/strong><\/p>\n<p>Mannschaftsverantwortliche: Johanne Macke\u00a0<\/p>\n<p>Eva Neteler\u00a0<\/p>\n<p>Zoe Hillmann\u00a0<\/p>\n<p><strong>Training:<\/strong><\/p>\n<p>Donnerstag: 16:00 &#8211; 17:00 Uhr\u00a0<\/p>\n<\/td>\n<td style=\"width: 50%; height: 370px;\">\n<p><a href=\"https:\/\/sw-osterfeine.de\/wp-content\/uploads\/2025\/11\/Mannschaftsbild.jpg\" data-rel=\"lightbox-image-2\" data-rl_title=\"\" data-rl_caption=\"\" title=\"\"><img loading=\"lazy\" decoding=\"async\" class=\"aligncenter wp-image-37861 size-medium\" src=\"https:\/\/sw-osterfeine.de\/wp-content\/uploads\/2025\/11\/Mannschaftsbild-e1762159699241-300x261.jpg\" alt=\"\" width=\"300\" height=\"261\" srcset=\"https:\/\/sw-osterfeine.de\/wp-content\/uploads\/2025\/11\/Mannschaftsbild-e1762159699241-300x261.jpg 300w, https:\/\/sw-osterfeine.de\/wp-content\/uploads\/2025\/11\/Mannschaftsbild-e1762159699241-768x668.jpg 768w, https:\/\/sw-osterfeine.de\/wp-content\/uploads\/2025\/11\/Mannschaftsbild-e1762159699241.jpg 994w\" sizes=\"(max-width: 300px) 100vw, 300px\" \/><\/a><\/p>\n<p style=\"text-align: center;\"><strong>h.v.l.: <\/strong>Katharina Schuler, Lilly Grafemeyer, Anni Nipper, Emmi Breitscheid, Marie Buck, Charlotte Kruthaup, Elise Kruse, Maria Ganz<\/p>\n<p style=\"text-align: center;\"><br \/><strong>v.v.l.: <\/strong>Marie Bergmann, Betty Stratmann, Anna-Maria Hillmann, Pia Quebbemann, Sarah Szablinska, Hannah Blanke, Lilly Kl\u00fcnenberg\u00a0<\/p>\n<\/td>\n<\/tr>\n<tr style=\"height: 23px;\">\n<td style=\"width: 50%; height: 23px;\">\u00a0<\/td>\n<td style=\"width: 50%; height: 23px;\">\u00a0<\/td>\n<\/tr>\n<tr style=\"height: 370px;\">\n<td style=\"width: 50%; height: 370px;\">\n<p>F-Jugend<\/p>\n<p><strong>Trainerteam<\/strong><\/p>\n<p>Mannschaftsverantwortliche: Anne Thiel\u00a0<\/p>\n<p>Kathi B\u00f6rger\u00a0<\/p>\n<p>Karina Kehl\u00a0<\/p>\n<p>Training:<\/p>\n<p>Freitag: 14:30 &#8211; 15:30 Uhr\u00a0<\/p>\n<\/td>\n<td style=\"width: 50%; height: 370px;\">\n<p><a href=\"https:\/\/sw-osterfeine.de\/wp-content\/uploads\/2025\/09\/Mannschaftsbild-F-Jugend-scaled.jpg\" data-rel=\"lightbox-image-3\" data-rl_title=\"\" data-rl_caption=\"\" title=\"\"><img loading=\"lazy\" decoding=\"async\" class=\"aligncenter wp-image-37473 size-medium\" src=\"https:\/\/sw-osterfeine.de\/wp-content\/uploads\/2025\/09\/Mannschaftsbild-F-Jugend-300x182.jpg\" alt=\"\" width=\"300\" height=\"182\" srcset=\"https:\/\/sw-osterfeine.de\/wp-content\/uploads\/2025\/09\/Mannschaftsbild-F-Jugend-300x182.jpg 300w, https:\/\/sw-osterfeine.de\/wp-content\/uploads\/2025\/09\/Mannschaftsbild-F-Jugend-1024x620.jpg 1024w, https:\/\/sw-osterfeine.de\/wp-content\/uploads\/2025\/09\/Mannschaftsbild-F-Jugend-768x465.jpg 768w, https:\/\/sw-osterfeine.de\/wp-content\/uploads\/2025\/09\/Mannschaftsbild-F-Jugend-1536x930.jpg 1536w, https:\/\/sw-osterfeine.de\/wp-content\/uploads\/2025\/09\/Mannschaftsbild-F-Jugend-2048x1240.jpg 2048w\" sizes=\"(max-width: 300px) 100vw, 300px\" \/><\/a><\/p>\n<p style=\"text-align: center;\"><strong>v.v.l.:<\/strong> Eva Thiel, Frieda Wessel\u00a0<\/p>\n<p style=\"text-align: center;\">m.v.l.: Pauline Pieper, Sophia Drahmann, Emma Gohmann\u00a0<\/p>\n<p style=\"text-align: center;\"><strong>h.v.l.:<\/strong> Julian Schuler, Greta Kamps, Sophie Klatte, Inga Wehming\u00a0<\/p>\n<p style=\"text-align: center;\">Trainerin Anne Thiel und Karina Kehl\u00a0<\/p>\n<p style=\"text-align: center;\">Es fehlt: Trainerin Katharina B\u00f6rger\u00a0<\/p>\n<\/td>\n<\/tr>\n<tr style=\"height: 23px;\">\n<td style=\"width: 50%; height: 23px;\">\u00a0<\/td>\n<td style=\"width: 50%; height: 23px;\">\u00a0<\/td>\n<\/tr>\n<tr style=\"height: 370px;\">\n<td style=\"width: 50%; height: 370px;\">\n<p>Mini 1\u00a0<\/p>\n<p><strong>Trainerteam<\/strong><\/p>\n<p>Mannschaftsverantwortliche: Karin Bremer\u00a0<\/p>\n<p>Josefine Macke\u00a0<\/p>\n<p>Malin Kohake\u00a0<\/p>\n<p>Training:<\/p>\n<p>Freitag: 14:30 &#8211; 15:30 Uhr\u00a0<\/p>\n<\/td>\n<td style=\"width: 50%; height: 370px;\">\n<p><a href=\"https:\/\/sw-osterfeine.de\/wp-content\/uploads\/2025\/09\/Mannschaftsfoto-1.jpg\" data-rel=\"lightbox-image-4\" data-rl_title=\"\" data-rl_caption=\"\" title=\"\"><img loading=\"lazy\" decoding=\"async\" class=\"wp-image-37525 size-medium aligncenter\" src=\"https:\/\/sw-osterfeine.de\/wp-content\/uploads\/2025\/09\/Mannschaftsfoto-1-225x300.jpg\" alt=\"\" width=\"225\" height=\"300\" srcset=\"https:\/\/sw-osterfeine.de\/wp-content\/uploads\/2025\/09\/Mannschaftsfoto-1-225x300.jpg 225w, https:\/\/sw-osterfeine.de\/wp-content\/uploads\/2025\/09\/Mannschaftsfoto-1-768x1024.jpg 768w, https:\/\/sw-osterfeine.de\/wp-content\/uploads\/2025\/09\/Mannschaftsfoto-1-1152x1536.jpg 1152w, https:\/\/sw-osterfeine.de\/wp-content\/uploads\/2025\/09\/Mannschaftsfoto-1.jpg 1200w\" sizes=\"(max-width: 225px) 100vw, 225px\" \/><\/a><\/p>\n<p style=\"text-align: center;\"><strong>Liegend v. l.:<\/strong> Pia Bremer, Elise Wehming<\/p>\n<p style=\"text-align: center;\"><br \/><strong>Sitzend v. l.:<\/strong> Kira Schleicher, Nora Soto Vila,<\/p>\n<p style=\"text-align: center;\">Kira Brokamp, Merle Pellenwessel,<\/p>\n<p style=\"text-align: center;\">Charlotte Trumme<\/p>\n<p style=\"text-align: center;\"><br \/><strong>Stehend v. l.:<\/strong> Kinga Strategier, Emilia Brinkmann, Frieda Schwietering, Lea-Sophie Middendorf, Martha B\u00f6ckerstette<\/p>\n<p style=\"text-align: center;\"><br \/>Betreuerin: Malin Kohake, Josephine Macke, Trainerin:\u00a0Karin\u00a0Bremer<\/p>\n<p style=\"text-align: center;\">Es fehlt: Selma Moek<\/p>\n<\/td>\n<\/tr>\n<tr style=\"height: 23px;\">\n<td style=\"width: 50%; height: 23px;\">\u00a0<\/td>\n<td style=\"width: 50%; height: 23px;\">\u00a0<\/td>\n<\/tr>\n<tr style=\"height: 421px;\">\n<td style=\"width: 50%; height: 421px;\">\n<p>Minis 2<\/p>\n<p><strong>Trainerteam<\/strong><\/p>\n<p>Mannschaftsverantwortliche: Jessica H\u00f6lzl\u00a0<\/p>\n<p>Lotta von der Heide\u00a0<\/p>\n<p>Carla Runnebaum\u00a0<\/p>\n<p>Marieke Lange\u00a0<\/p>\n<p><strong>Training:<\/strong><\/p>\n<p>Montag: 16:00 &#8211; 17:00 Uhr\u00a0<\/p>\n<\/td>\n<td style=\"width: 50%; height: 421px;\">\n<p><a href=\"https:\/\/sw-osterfeine.de\/wp-content\/uploads\/2025\/10\/Mannschaftsbild.jpg\" data-rel=\"lightbox-image-5\" data-rl_title=\"\" data-rl_caption=\"\" title=\"\"><img loading=\"lazy\" decoding=\"async\" class=\"aligncenter wp-image-37822 size-medium\" src=\"https:\/\/sw-osterfeine.de\/wp-content\/uploads\/2025\/10\/Mannschaftsbild-300x225.jpg\" alt=\"\" width=\"300\" height=\"225\" srcset=\"https:\/\/sw-osterfeine.de\/wp-content\/uploads\/2025\/10\/Mannschaftsbild-300x225.jpg 300w, https:\/\/sw-osterfeine.de\/wp-content\/uploads\/2025\/10\/Mannschaftsbild-1024x768.jpg 1024w, https:\/\/sw-osterfeine.de\/wp-content\/uploads\/2025\/10\/Mannschaftsbild-768x576.jpg 768w, https:\/\/sw-osterfeine.de\/wp-content\/uploads\/2025\/10\/Mannschaftsbild-1536x1152.jpg 1536w, https:\/\/sw-osterfeine.de\/wp-content\/uploads\/2025\/10\/Mannschaftsbild.jpg 2048w\" sizes=\"(max-width: 300px) 100vw, 300px\" \/><\/a><\/p>\n<p style=\"text-align: center;\"><strong>h.v.l.: <\/strong>Trainerin Jessica H\u00f6lzl, Emma Schnuck, Lotte Garvels, Antonia Drahmann, Annabell Meyer, Carla Niehues, Nele H\u00f6lzl, Betreuerin Marieke Lange<br \/><br \/><strong>v.v.l.: <\/strong>Katharina Berendes, Luise Klatte, Annika Brinkmann, Wilma Niehues, Luzia Stratmann, Greta\u00a0B\u00f6ckermann<\/p>\n<p style=\"text-align: center;\">Es fehlen: Betreuerinnen Lotta von der Heide und Carla Runnebaum\u00a0<\/p>\n<p style=\"text-align: center;\">Ida und Anna Schomacker, Wilma Niehues, Gabriele Czepczynska, Elise Kramer, Paula B\u00f6rger<\/p>\n<\/td>\n<\/tr>\n<\/tbody>\n<\/table>\n","protected":false},"excerpt":{"rendered":"<p>1. D-Jugend Trainerteam Mannschaftsverantwortliche: Verena St\u00e4rk\u00a0 Judith gr. Austing\u00a0 Training: Dienstag: 16:00 &#8211; 17:30 Uhr\u00a0 Freitag: 17:00 &#8211; 19:00 Uhr\u00a0 \u00a0 v.v.l.: Hanna Macke, Emily Blanke, Sophia gr. Austing, Anni Enneking, Klara Pieper, Martha St\u00e4rk\u00a0 \u00a0 h.v.l.: Trainerin Verena St\u00e4rk, Ida gr. Austing, Anni Klanke, Mia R\u00f6mer, Charlotte gr. Austing, Charlotte Lamping, Emily-May Ewald, Trainerin [&hellip;]<\/p>\n","protected":false},"author":3,"featured_media":0,"parent":51,"menu_order":310,"comment_status":"closed","ping_status":"closed","template":"","meta":{"footnotes":""},"_links":{"self":[{"href":"https:\/\/sw-osterfeine.de\/index.php?rest_route=\/wp\/v2\/pages\/388"}],"collection":[{"href":"https:\/\/sw-osterfeine.de\/index.php?rest_route=\/wp\/v2\/pages"}],"about":[{"href":"https:\/\/sw-osterfeine.de\/index.php?rest_route=\/wp\/v2\/types\/page"}],"author":[{"embeddable":true,"href":"https:\/\/sw-osterfeine.de\/index.php?rest_route=\/wp\/v2\/users\/3"}],"replies":[{"embeddable":true,"href":"https:\/\/sw-osterfeine.de\/index.php?rest_route=%2Fwp%2Fv2%2Fcomments&post=388"}],"version-history":[{"count":305,"href":"https:\/\/sw-osterfeine.de\/index.php?rest_route=\/wp\/v2\/pages\/388\/revisions"}],"predecessor-version":[{"id":38218,"href":"https:\/\/sw-osterfeine.de\/index.php?rest_route=\/wp\/v2\/pages\/388\/revisions\/38218"}],"up":[{"embeddable":true,"href":"https:\/\/sw-osterfeine.de\/index.php?rest_route=\/wp\/v2\/pages\/51"}],"wp:attachment":[{"href":"https:\/\/sw-osterfeine.de\/index.php?rest_route=%2Fwp%2Fv2%2Fmedia&parent=388"}],"curies":[{"name":"wp","href":"https:\/\/api.w.org\/{rel}","templated":true}]}}