{"id":3999,"date":"2012-03-16T10:46:38","date_gmt":"2012-03-16T09:46:38","guid":{"rendered":"http:\/\/sw-osterfeine.de\/?page_id=3999"},"modified":"2025-12-18T13:09:28","modified_gmt":"2025-12-18T12:09:28","slug":"1d-2g-jugend","status":"publish","type":"page","link":"https:\/\/sw-osterfeine.de\/?page_id=3999","title":{"rendered":"D &#8211; Bambinis"},"content":{"rendered":"\n<table style=\"border-collapse: collapse; width: 100%; height: 2964px;\">\n<tbody>\n<tr style=\"height: 320px;\">\n<td style=\"width: 43.8095%; height: 320px;\">\n<p><strong><span style=\"background-color: #ffffff; color: #000000;\">1. D-Jugend\u00a0<\/span><\/strong><\/p>\n<p>Trainer: Bernd Escher<\/p>\n<p>Mobil: 0170-4119205<\/p>\n<p>\u00a0<\/p>\n<\/td>\n<td style=\"width: 56.1905%; height: 320px;\">\n<p><a href=\"https:\/\/sw-osterfeine.de\/wp-content\/uploads\/2025\/08\/1.-D-Jugend-1.jpg\" data-rel=\"lightbox-image-0\" data-rl_title=\"\" data-rl_caption=\"\" title=\"\"><img loading=\"lazy\" decoding=\"async\" class=\"aligncenter wp-image-37232 size-medium\" src=\"https:\/\/sw-osterfeine.de\/wp-content\/uploads\/2025\/08\/1.-D-Jugend-1-300x211.jpg\" alt=\"\" width=\"300\" height=\"211\" srcset=\"https:\/\/sw-osterfeine.de\/wp-content\/uploads\/2025\/08\/1.-D-Jugend-1-300x211.jpg 300w, https:\/\/sw-osterfeine.de\/wp-content\/uploads\/2025\/08\/1.-D-Jugend-1-768x539.jpg 768w, https:\/\/sw-osterfeine.de\/wp-content\/uploads\/2025\/08\/1.-D-Jugend-1.jpg 849w\" sizes=\"(max-width: 300px) 100vw, 300px\" \/><\/a><\/p>\n<p style=\"text-align: center;\"><strong>h.v.l.:<\/strong> Trainer Bernd Escher, Younes Mahdouani, Hugo St\u00e4rk, Jakob Kreymborg, Clemens Lamping, Henri B\u00f6ckmann, Michel Escher, Co-Trainer Thorsten Markus\u00a0<\/p>\n<p style=\"text-align: center;\"><strong>v.v.l.:<\/strong> Oskar Schmutte, Johann Markus, Ferdinand Gravemeyer, Toni Middendorf, Arian Eggert, Jost Borgmann\u00a0<\/p>\n<p>\u00a0<\/p>\n<\/td>\n<\/tr>\n<tr style=\"height: 320px;\">\n<td style=\"width: 43.8095%; height: 320px;\">\n<p><strong><span style=\"background-color: #339966; color: #000000;\"><span style=\"background-color: #ffffff;\">2. D-Jugend<\/span> <\/span><\/strong><\/p>\n<p>Trainer: Ralf Burdieck\u00a0<\/p>\n<p>Mobil: 0171-3291968<\/p>\n<p>\u00a0<\/p>\n<\/td>\n<td style=\"width: 56.1905%; height: 320px;\">\n<p><a href=\"https:\/\/sw-osterfeine.de\/wp-content\/uploads\/2025\/09\/2.-D-Jugend-scaled.jpeg\" data-rel=\"lightbox-image-1\" data-rl_title=\"\" data-rl_caption=\"\" title=\"\"><img loading=\"lazy\" decoding=\"async\" class=\"aligncenter wp-image-37354 size-medium\" src=\"https:\/\/sw-osterfeine.de\/wp-content\/uploads\/2025\/09\/2.-D-Jugend-300x225.jpeg\" alt=\"\" width=\"300\" height=\"225\" srcset=\"https:\/\/sw-osterfeine.de\/wp-content\/uploads\/2025\/09\/2.-D-Jugend-300x225.jpeg 300w, https:\/\/sw-osterfeine.de\/wp-content\/uploads\/2025\/09\/2.-D-Jugend-1024x768.jpeg 1024w, https:\/\/sw-osterfeine.de\/wp-content\/uploads\/2025\/09\/2.-D-Jugend-768x576.jpeg 768w, https:\/\/sw-osterfeine.de\/wp-content\/uploads\/2025\/09\/2.-D-Jugend-1536x1152.jpeg 1536w, https:\/\/sw-osterfeine.de\/wp-content\/uploads\/2025\/09\/2.-D-Jugend-2048x1536.jpeg 2048w\" sizes=\"(max-width: 300px) 100vw, 300px\" \/><\/a><\/p>\n<p style=\"text-align: center;\"><strong>h.v.l.:\u00a0<\/strong>Betreuer J\u00f6rg Runnebaum, Jonas B\u00f6ckerstette, Leonard Skrapic, Theo Pohlschneider, Theo Otte, Jan Dirk Sandermann, Karl Runnebaum, Trainer Ralf Burdieck\u00a0<\/p>\n<p style=\"text-align: center;\"><strong>v.v.l.:\u00a0<\/strong>Paul Burdieck, Oskar Runnebaum, Henk Moormann, Paul Kruthaup, Pavlo Hrytsenko\u00a0<\/p>\n<p style=\"text-align: center;\">es fehlt: Dzehm Dzhemal\u00a0<\/p>\n<p>\u00a0<\/p>\n<\/td>\n<\/tr>\n<tr style=\"height: 320px;\">\n<td style=\"width: 43.8095%; height: 320px;\">\n<p><strong><span style=\"background-color: #ffffff; color: #000000;\">3. D-Jugend\u00a0<\/span><\/strong><\/p>\n<p>Trainer: Max R\u00f6mer und Viktor Chifan<\/p>\n<p>Mobil: 01573-4972972<\/p>\n<p>\u00a0<\/p>\n<\/td>\n<td style=\"width: 56.1905%; height: 320px;\">\n<p style=\"text-align: center;\"><a href=\"https:\/\/sw-osterfeine.de\/wp-content\/uploads\/2025\/10\/3-D-Jugend.jpg\" data-rel=\"lightbox-image-2\" data-rl_title=\"\" data-rl_caption=\"\" title=\"\"><img loading=\"lazy\" decoding=\"async\" class=\"aligncenter wp-image-37818 size-medium\" src=\"https:\/\/sw-osterfeine.de\/wp-content\/uploads\/2025\/10\/3-D-Jugend-300x225.jpg\" alt=\"\" width=\"300\" height=\"225\" srcset=\"https:\/\/sw-osterfeine.de\/wp-content\/uploads\/2025\/10\/3-D-Jugend-300x225.jpg 300w, https:\/\/sw-osterfeine.de\/wp-content\/uploads\/2025\/10\/3-D-Jugend-1024x768.jpg 1024w, https:\/\/sw-osterfeine.de\/wp-content\/uploads\/2025\/10\/3-D-Jugend-768x576.jpg 768w, https:\/\/sw-osterfeine.de\/wp-content\/uploads\/2025\/10\/3-D-Jugend-1536x1152.jpg 1536w, https:\/\/sw-osterfeine.de\/wp-content\/uploads\/2025\/10\/3-D-Jugend.jpg 1600w\" sizes=\"(max-width: 300px) 100vw, 300px\" \/><\/a><strong>h.v.l.: <\/strong>Trainer Max R\u00f6mer, Mats Br\u00e4gelman, Noah Ganz, Louis Themann, Ibrahim Saleem, Bennet Kl\u00f6nne, Ben Seep, Trainer- Victor Chifan<\/p>\n<p style=\"text-align: center;\"><strong>v.v.l.: <\/strong>Kamil Filipiuk, Philipp Thiel, Kristof Bl\u00e9nesi, Piet Breitscheid, Ole Nipper, Tayler Rolfsen<\/p>\n<p style=\"text-align: center;\">Es Fehlt: Luca Rusche<\/p>\n<\/td>\n<\/tr>\n<tr style=\"height: 320px;\">\n<td style=\"width: 43.8095%; height: 320px;\">\n<p><strong><span style=\"background-color: #ffffff; color: #000000;\">1. E-Jugend<\/span><\/strong><\/p>\n<p>Trainer: Ben Tschipke und Arne Behrens<\/p>\n<p>Mobil: 01511-8892680<\/p>\n<p>\u00a0<\/p>\n<\/td>\n<td style=\"width: 56.1905%; height: 320px;\"><a href=\"https:\/\/sw-osterfeine.de\/wp-content\/uploads\/2025\/10\/1.-E-Jugend.jpg\" data-rel=\"lightbox-image-3\" data-rl_title=\"\" data-rl_caption=\"\" title=\"\"><img loading=\"lazy\" decoding=\"async\" class=\"aligncenter wp-image-37615 size-medium\" src=\"https:\/\/sw-osterfeine.de\/wp-content\/uploads\/2025\/10\/1.-E-Jugend-e1760001462770-300x255.jpg\" alt=\"\" width=\"300\" height=\"255\" srcset=\"https:\/\/sw-osterfeine.de\/wp-content\/uploads\/2025\/10\/1.-E-Jugend-e1760001462770-300x255.jpg 300w, https:\/\/sw-osterfeine.de\/wp-content\/uploads\/2025\/10\/1.-E-Jugend-e1760001462770-1024x870.jpg 1024w, https:\/\/sw-osterfeine.de\/wp-content\/uploads\/2025\/10\/1.-E-Jugend-e1760001462770-768x652.jpg 768w, https:\/\/sw-osterfeine.de\/wp-content\/uploads\/2025\/10\/1.-E-Jugend-e1760001462770.jpg 1048w\" sizes=\"(max-width: 300px) 100vw, 300px\" \/><\/a><\/td>\n<\/tr>\n<tr style=\"height: 320px;\">\n<td style=\"width: 43.8095%; height: 320px;\">\n<p><strong><span style=\"background-color: #339966; color: #000000;\"><span style=\"background-color: #ffffff;\">2. E-Jugend<\/span> <\/span><\/strong><\/p>\n<p>Trainer: Markus Bergmann\u00a0<\/p>\n<p>Mobil: 0172-5669550<\/p>\n<p>Betreuer: Christoph Wehri\u00a0<\/p>\n<\/td>\n<td style=\"width: 56.1905%; height: 320px;\"><a href=\"https:\/\/sw-osterfeine.de\/wp-content\/uploads\/2025\/10\/2.-E-Jugend.jpg\" data-rel=\"lightbox-image-4\" data-rl_title=\"\" data-rl_caption=\"\" title=\"\"><img loading=\"lazy\" decoding=\"async\" class=\"aligncenter wp-image-37616 size-medium\" src=\"https:\/\/sw-osterfeine.de\/wp-content\/uploads\/2025\/10\/2.-E-Jugend-e1760001494616-300x177.jpg\" alt=\"\" width=\"300\" height=\"177\" srcset=\"https:\/\/sw-osterfeine.de\/wp-content\/uploads\/2025\/10\/2.-E-Jugend-e1760001494616-300x177.jpg 300w, https:\/\/sw-osterfeine.de\/wp-content\/uploads\/2025\/10\/2.-E-Jugend-e1760001494616-1024x604.jpg 1024w, https:\/\/sw-osterfeine.de\/wp-content\/uploads\/2025\/10\/2.-E-Jugend-e1760001494616-768x453.jpg 768w, https:\/\/sw-osterfeine.de\/wp-content\/uploads\/2025\/10\/2.-E-Jugend-e1760001494616.jpg 1440w\" sizes=\"(max-width: 300px) 100vw, 300px\" \/><\/a><\/td>\n<\/tr>\n<tr style=\"height: 23px;\">\n<td style=\"width: 43.8095%; height: 23px;\">\n<p><strong><span style=\"background-color: #339966; color: #000000;\"><span style=\"background-color: #ffffff;\">3. E-Jugend<\/span> <\/span><\/strong><\/p>\n<p>Trainer: Marco Middendorf\u00a0<\/p>\n<p>Mobil: 01511-1931765<\/p>\n<\/td>\n<td style=\"width: 56.1905%; height: 23px;\">\n<p>\u00a0<\/p>\n<p style=\"text-align: center;\"><a href=\"https:\/\/sw-osterfeine.de\/wp-content\/uploads\/2025\/11\/3.-E-Jugend.jpeg\" data-rel=\"lightbox-image-5\" data-rl_title=\"\" data-rl_caption=\"\" title=\"\"><img loading=\"lazy\" decoding=\"async\" class=\"aligncenter wp-image-38296 size-medium\" src=\"https:\/\/sw-osterfeine.de\/wp-content\/uploads\/2025\/11\/3.-E-Jugend-300x225.jpeg\" alt=\"\" width=\"300\" height=\"225\" srcset=\"https:\/\/sw-osterfeine.de\/wp-content\/uploads\/2025\/11\/3.-E-Jugend-300x225.jpeg 300w, https:\/\/sw-osterfeine.de\/wp-content\/uploads\/2025\/11\/3.-E-Jugend-1024x768.jpeg 1024w, https:\/\/sw-osterfeine.de\/wp-content\/uploads\/2025\/11\/3.-E-Jugend-768x576.jpeg 768w, https:\/\/sw-osterfeine.de\/wp-content\/uploads\/2025\/11\/3.-E-Jugend-1536x1152.jpeg 1536w, https:\/\/sw-osterfeine.de\/wp-content\/uploads\/2025\/11\/3.-E-Jugend.jpeg 1600w\" sizes=\"(max-width: 300px) 100vw, 300px\" \/><\/a>h.v.l.: Betreuer Bj\u00f6rn Landwehr, Hannes Lamping, Finn Landwehr, Fiete Kramer, Leon Kappler, Otto Middendorf, Jan Eggert, Henri gr. Austing, Lukas H\u00f6lzl, Trainer Marco Middendorf\u00a0<\/p>\n<p style=\"text-align: center;\"><strong>v.v.l.:\u00a0<\/strong>Klara Ganz, Hinrich Otte\u00a0<\/p>\n<p style=\"text-align: center;\">Es fehlt: Betreuer Theo Middendorf\u00a0<\/p>\n<\/td>\n<\/tr>\n<tr style=\"height: 23px;\">\n<td style=\"width: 43.8095%; height: 23px;\">\n<p><span style=\"background-color: #339966; color: #000000;\"><span style=\"background-color: #ffffff;\"><strong>4. E-Jugend<\/strong> <\/span><\/span><\/p>\n<p>Trainer: Sebastian Trumme\u00a0<\/p>\n<p>Mobil: 0162-4263336<\/p>\n<\/td>\n<td style=\"width: 56.1905%; height: 23px;\">\n<p><a href=\"https:\/\/sw-osterfeine.de\/wp-content\/uploads\/2025\/10\/4.-E-Jugend.jpg\" data-rel=\"lightbox-image-6\" data-rl_title=\"\" data-rl_caption=\"\" title=\"\"><img loading=\"lazy\" decoding=\"async\" class=\"aligncenter wp-image-37809 size-medium\" src=\"https:\/\/sw-osterfeine.de\/wp-content\/uploads\/2025\/10\/4.-E-Jugend-e1761727857680-300x142.jpg\" alt=\"\" width=\"300\" height=\"142\" srcset=\"https:\/\/sw-osterfeine.de\/wp-content\/uploads\/2025\/10\/4.-E-Jugend-e1761727857680-300x142.jpg 300w, https:\/\/sw-osterfeine.de\/wp-content\/uploads\/2025\/10\/4.-E-Jugend-e1761727857680-1024x486.jpg 1024w, https:\/\/sw-osterfeine.de\/wp-content\/uploads\/2025\/10\/4.-E-Jugend-e1761727857680-768x364.jpg 768w, https:\/\/sw-osterfeine.de\/wp-content\/uploads\/2025\/10\/4.-E-Jugend-e1761727857680.jpg 1168w\" sizes=\"(max-width: 300px) 100vw, 300px\" \/><\/a><\/p>\n<p style=\"text-align: center;\"><strong>h.v.l.:\u00a0<\/strong>Betreuer Leo Lampe, Trainer Sebastian Trumme, Betreuer Jonathan Rake\u00a0<\/p>\n<p style=\"text-align: center;\"><strong>v.v.l.:\u00a0<\/strong>Tom Deters, Michel Garvels, Johannes Kruthaup, Jonathan Skrapic, Thees gr. Austing, Till Borgmann, Paul Borgerding, Jann Borgmann, Finn Trumme,\u00a0<\/p>\n<p style=\"text-align: center;\"><strong>liegend:\u00a0<\/strong>Fritz Heye-Enneking<\/p>\n<p style=\"text-align: center;\">Es fehlen: Naoh Seep, Dorde Roksic<\/p>\n<\/td>\n<\/tr>\n<tr style=\"height: 320px;\">\n<td style=\"width: 43.8095%; height: 320px;\">\n<p><strong><span style=\"background-color: #339966; color: #000000;\"><span style=\"background-color: #ffffff;\">1. F-Jugend<\/span> <\/span><\/strong><\/p>\n<p>Trainer: Hans-Dieter Kohake\u00a0<\/p>\n<p>Mobil: 0175-5854373<\/p>\n<\/td>\n<td style=\"width: 56.1905%; height: 320px;\">\n<p><a href=\"https:\/\/sw-osterfeine.de\/wp-content\/uploads\/2025\/09\/1.-F-Jugend.jpg\" data-rel=\"lightbox-image-7\" data-rl_title=\"\" data-rl_caption=\"\" title=\"\"><img loading=\"lazy\" decoding=\"async\" class=\"aligncenter wp-image-37367 size-medium\" src=\"https:\/\/sw-osterfeine.de\/wp-content\/uploads\/2025\/09\/1.-F-Jugend-300x205.jpg\" alt=\"\" width=\"300\" height=\"205\" srcset=\"https:\/\/sw-osterfeine.de\/wp-content\/uploads\/2025\/09\/1.-F-Jugend-300x205.jpg 300w, https:\/\/sw-osterfeine.de\/wp-content\/uploads\/2025\/09\/1.-F-Jugend-1024x699.jpg 1024w, https:\/\/sw-osterfeine.de\/wp-content\/uploads\/2025\/09\/1.-F-Jugend-768x524.jpg 768w, https:\/\/sw-osterfeine.de\/wp-content\/uploads\/2025\/09\/1.-F-Jugend-1536x1049.jpg 1536w, https:\/\/sw-osterfeine.de\/wp-content\/uploads\/2025\/09\/1.-F-Jugend.jpg 2048w\" sizes=\"(max-width: 300px) 100vw, 300px\" \/><\/a><\/p>\n<p style=\"text-align: center;\"><strong>h.v.l.:\u00a0<\/strong>Trainer Hans-Dieter Kohake, Anton Runnebaum, Leonardo Pelosi, Damir Nalbandian, Trainer Carl Hillmann\u00a0<\/p>\n<p style=\"text-align: center;\"><strong>v.v.l.: <\/strong>Anton Wehri, Augustin Steinemann, Franz Lamping, Simon Kreymborg, Alwin Tepe, Frederico Pelosi \u00a0<\/p>\n<\/td>\n<\/tr>\n<tr style=\"height: 509px;\">\n<td style=\"width: 43.8095%; height: 509px;\">\n<p><strong><span style=\"background-color: #339966; color: #000000;\"><span style=\"background-color: #ffffff;\">2. F-Jugend\u00a0<\/span><\/span><\/strong><\/p>\n<p>Trainer: J\u00f6rg von der Heide\u00a0<\/p>\n<p>Mobil: 0170-7876284<\/p>\n<p>\u00a0<\/p>\n<\/td>\n<td style=\"width: 56.1905%; height: 509px;\">\n<p><a href=\"https:\/\/sw-osterfeine.de\/wp-content\/uploads\/2025\/09\/2.-F-Jugend.jpg\" data-rel=\"lightbox-image-8\" data-rl_title=\"\" data-rl_caption=\"\" title=\"\"><img loading=\"lazy\" decoding=\"async\" class=\"aligncenter wp-image-37368 size-medium\" src=\"https:\/\/sw-osterfeine.de\/wp-content\/uploads\/2025\/09\/2.-F-Jugend-300x225.jpg\" alt=\"\" width=\"300\" height=\"225\" srcset=\"https:\/\/sw-osterfeine.de\/wp-content\/uploads\/2025\/09\/2.-F-Jugend-300x225.jpg 300w, https:\/\/sw-osterfeine.de\/wp-content\/uploads\/2025\/09\/2.-F-Jugend-1024x768.jpg 1024w, https:\/\/sw-osterfeine.de\/wp-content\/uploads\/2025\/09\/2.-F-Jugend-768x576.jpg 768w, https:\/\/sw-osterfeine.de\/wp-content\/uploads\/2025\/09\/2.-F-Jugend-1536x1152.jpg 1536w, https:\/\/sw-osterfeine.de\/wp-content\/uploads\/2025\/09\/2.-F-Jugend.jpg 2048w\" sizes=\"(max-width: 300px) 100vw, 300px\" \/><\/a><\/p>\n<p style=\"text-align: center;\"><strong>h.v.l.:\u00a0<\/strong>Trainer Werner Kramer, Cenk Mehmed, Caner Mehmed, Christian Macke, Theo von der Heide, Trainer J\u00f6rg von der Heide<\/p>\n<p style=\"text-align: center;\"><strong>v.v.l.:\u00a0<\/strong>Henk gr. Austing, Luis Bley, Johann B\u00f6ckermann<\/p>\n<p style=\"text-align: center;\">es fehlt: Sam Hellebusch\u00a0<\/p>\n<\/td>\n<\/tr>\n<tr style=\"height: 320px;\">\n<td style=\"width: 43.8095%; height: 320px;\">\n<p><strong><span style=\"background-color: #339966; color: #000000;\"><span style=\"background-color: #ffffff;\">G-Jugend<\/span> <\/span><\/strong><\/p>\n<p>Trainer: Thomas Breitenstein<\/p>\n<p>Mobil: 0160-90658008<\/p>\n<\/td>\n<td style=\"width: 56.1905%; height: 320px;\">\u00a0<\/td>\n<\/tr>\n<tr style=\"height: 169px;\">\n<td style=\"width: 43.8095%; height: 169px;\">\n<p><strong>Bambinis<\/strong><\/p>\n<p>Trainer: Nils Unger\u00a0<\/p>\n<p>Mobil: 0160-5493439<\/p>\n<\/td>\n<td style=\"width: 56.1905%; height: 169px;\">\n<p><a href=\"https:\/\/sw-osterfeine.de\/wp-content\/uploads\/2025\/11\/Bambinis.jpeg\" data-rel=\"lightbox-image-9\" data-rl_title=\"\" data-rl_caption=\"\" title=\"\"><img loading=\"lazy\" decoding=\"async\" class=\"aligncenter wp-image-38219 size-medium\" src=\"https:\/\/sw-osterfeine.de\/wp-content\/uploads\/2025\/11\/Bambinis-e1763031682963-300x171.jpeg\" alt=\"\" width=\"300\" height=\"171\" srcset=\"https:\/\/sw-osterfeine.de\/wp-content\/uploads\/2025\/11\/Bambinis-e1763031682963-300x171.jpeg 300w, https:\/\/sw-osterfeine.de\/wp-content\/uploads\/2025\/11\/Bambinis-e1763031682963-1024x583.jpeg 1024w, https:\/\/sw-osterfeine.de\/wp-content\/uploads\/2025\/11\/Bambinis-e1763031682963-768x437.jpeg 768w, https:\/\/sw-osterfeine.de\/wp-content\/uploads\/2025\/11\/Bambinis-e1763031682963.jpeg 1405w\" sizes=\"(max-width: 300px) 100vw, 300px\" \/><\/a><\/p>\n<p style=\"text-align: center;\"><strong>h. v. l.:<\/strong> Trainer Nils Unger, Betreuerin Karin Bremer, Alfred Schildmeyer, Wilhelm Stratmann, Carl von der Heide, Betreuer Marcel Burhorst<\/p>\n<p style=\"text-align: center;\"><br \/><strong>v. v. l.:<\/strong> Jonte Kolbeck, Carl Bremer, Ben Unger, Rafael Wilegoda, Hannes Schwietering, Max Hinnenkamp, Hugo Burhorst, Hannes Kampers, Bella Kramer, Jonas Peckskamp, Clemens von der Heide, Hannes Kleyb\u00f6cker<br \/>liegend: Emil B\u00f6ckerstette<\/p>\n<\/td>\n<\/tr>\n<\/tbody>\n<\/table>\n<p>\u00a0<\/p>\n","protected":false},"excerpt":{"rendered":"<p>1. D-Jugend\u00a0 Trainer: Bernd Escher Mobil: 0170-4119205 \u00a0 h.v.l.: Trainer Bernd Escher, Younes Mahdouani, Hugo St\u00e4rk, Jakob Kreymborg, Clemens Lamping, Henri B\u00f6ckmann, Michel Escher, Co-Trainer Thorsten Markus\u00a0 v.v.l.: Oskar Schmutte, Johann Markus, Ferdinand Gravemeyer, Toni Middendorf, Arian Eggert, Jost Borgmann\u00a0 \u00a0 2. D-Jugend Trainer: Ralf Burdieck\u00a0 Mobil: 0171-3291968 \u00a0 h.v.l.:\u00a0Betreuer J\u00f6rg Runnebaum, Jonas B\u00f6ckerstette, Leonard [&hellip;]<\/p>\n","protected":false},"author":3,"featured_media":0,"parent":6,"menu_order":212,"comment_status":"closed","ping_status":"closed","template":"","meta":{"footnotes":""},"_links":{"self":[{"href":"https:\/\/sw-osterfeine.de\/index.php?rest_route=\/wp\/v2\/pages\/3999"}],"collection":[{"href":"https:\/\/sw-osterfeine.de\/index.php?rest_route=\/wp\/v2\/pages"}],"about":[{"href":"https:\/\/sw-osterfeine.de\/index.php?rest_route=\/wp\/v2\/types\/page"}],"author":[{"embeddable":true,"href":"https:\/\/sw-osterfeine.de\/index.php?rest_route=\/wp\/v2\/users\/3"}],"replies":[{"embeddable":true,"href":"https:\/\/sw-osterfeine.de\/index.php?rest_route=%2Fwp%2Fv2%2Fcomments&post=3999"}],"version-history":[{"count":312,"href":"https:\/\/sw-osterfeine.de\/index.php?rest_route=\/wp\/v2\/pages\/3999\/revisions"}],"predecessor-version":[{"id":38408,"href":"https:\/\/sw-osterfeine.de\/index.php?rest_route=\/wp\/v2\/pages\/3999\/revisions\/38408"}],"up":[{"embeddable":true,"href":"https:\/\/sw-osterfeine.de\/index.php?rest_route=\/wp\/v2\/pages\/6"}],"wp:attachment":[{"href":"https:\/\/sw-osterfeine.de\/index.php?rest_route=%2Fwp%2Fv2%2Fmedia&parent=3999"}],"curies":[{"name":"wp","href":"https:\/\/api.w.org\/{rel}","templated":true}]}}