{"id":405,"date":"2009-01-20T16:10:00","date_gmt":"2009-01-20T15:10:00","guid":{"rendered":"http:\/\/sw-osterfeine.de\/?page_id=405"},"modified":"2014-11-14T10:58:50","modified_gmt":"2014-11-14T09:58:50","slug":"impressum","status":"publish","type":"page","link":"https:\/\/sw-osterfeine.de\/?page_id=405","title":{"rendered":"IMPRESSUM"},"content":{"rendered":"<p><strong>Vereinsinformation<\/strong><\/p>\n<hr \/>\n<table style=\"width: 100%;\" border=\"0\" cellspacing=\"2\" cellpadding=\"2\">\n<tbody>\n<tr>\n<td valign=\"top\" width=\"50%\">Spvgg. SW Osterfeine 1925 e.V.<br \/>\n Vertretungsberechtigt: Bernard Piening<br \/>\n Kl\u00fcnenberg 11<br \/>\n 49401 Damme<br \/>\n Deutschland<\/td>\n<td valign=\"top\" width=\"50%\">\n<p>Tel.: 05491\/7566<br \/>\n Internet: <a href=\"http:\/\/www.sw-osterfeine.de\" target=\"_blank\">http:\/\/www.sw-osterfeine.de<\/a><br \/>\n E-Mail: geschaeftsstelle@sw-osterfeine.de<\/p>\n<\/td>\n<\/tr>\n<\/tbody>\n<\/table>\n<p><strong>Rechtliche Hinweise<\/strong><\/p>\n<hr \/>\n<table style=\"width: 100%;\" border=\"0\" cellspacing=\"2\" cellpadding=\"2\">\n<tbody>\n<tr>\n<td valign=\"top\" width=\"60%\">Inhaltlich Verantwortlicher gem\u00e4\u00df \u00a710 Absatz 3 MDStV:<br \/>\n Vorstand der Spvgg. SW Osterfeine 1925 e.V.<\/td>\n<td valign=\"top\" width=\"40%\">\u00a0<\/td>\n<\/tr>\n<\/tbody>\n<\/table>\n<p><strong>Besonderer Dank gilt<\/strong>:<a href=\"www.wordpress.org\"><br \/>\n <\/a><\/p>\n<ul>\n<li>mg12 von neoease.com f\u00fcr das urspr\u00fcngliche Theme<\/li>\n<li>dem user wwwiruz von deviantart.com f\u00fcr das Handballbild im Header<a href=\"www.wordpress.org\"><br \/>\n <\/a><\/li>\n<\/ul>\n<p><strong>Datenschutz:<\/strong><\/p>\n<p>Die Spielvereinigung SW Osterfeine 1925 e.V. erfragt im Kontaktbereich pers\u00f6nliche Daten, die \u00fcber eMail-Formulare von Ihnen freiwillig \u00fcbergeben werden. Die Daten dienen ausschlie\u00dflich der Bearbeitung von Produkt- und Dienstleistungs- und allgemeinen Anfragen. Ihre Daten werden in unserer Kundendatei gespeichert und auf ausdr\u00fccklichen Wunsch Ihrerseits umgehend gel\u00f6scht. Bei uns gespeicherte Daten werden nicht an Dritte weitergegeben, verkauft oder auf anderer Weise bewusst zug\u00e4nglich gemacht. Wir verpflichten uns, Ihre Anfragen vertraulich zu behandeln und diese nicht ohne Aufforderung Ihrerseits f\u00fcr eigene Werbeschreiben zu benutzen. Auch in Zukunft werden Ihre Daten nicht f\u00fcr andere Zwecke eingesetzt, als zum Zeitpunkt der Erst-Verarbeitung festgelegt. Jedes mal, wenn Sie Daten \u00fcber diese Internetseiten an uns versenden, m\u00fcssen Sie der Verwendung Ihrer Daten durch uns zustimmen. Ohne diese Zustimmung, welche in Form der Markierung eines Kontrollk\u00e4stchen erscheint, k\u00f6nnen und werden wir Ihre Daten weder speichern, ver\u00e4ndern, noch auf andere Art und Weise verarbeiten. Auf unseren Internetseiten werden keine Mechanismen zur Wiedererkennung von Besuchern eingesetzt. Ferner wird in keinem Bereich dieser Internetseiten Programmcode eingesetzt, der durch evtl. Sicherheitsl\u00fccken an Ihrer Internetkonfiguration Sch\u00e4den an Ihren Daten oder an Ihrem Betriebssystem erzeugen kann.<\/p>\n","protected":false},"excerpt":{"rendered":"<p>Vereinsinformation Spvgg. SW Osterfeine 1925 e.V. Vertretungsberechtigt: Bernard Piening Kl\u00fcnenberg 11 49401 Damme Deutschland Tel.: 05491\/7566 Internet: http:\/\/www.sw-osterfeine.de E-Mail: geschaeftsstelle@sw-osterfeine.de Rechtliche Hinweise Inhaltlich Verantwortlicher gem\u00e4\u00df \u00a710 Absatz 3 MDStV: Vorstand der Spvgg. SW Osterfeine 1925 e.V. \u00a0 Besonderer Dank gilt: mg12 von neoease.com f\u00fcr das urspr\u00fcngliche Theme dem user wwwiruz von deviantart.com f\u00fcr das Handballbild [&hellip;]<\/p>\n","protected":false},"author":3,"featured_media":0,"parent":0,"menu_order":9,"comment_status":"closed","ping_status":"closed","template":"","meta":{"footnotes":""},"_links":{"self":[{"href":"https:\/\/sw-osterfeine.de\/index.php?rest_route=\/wp\/v2\/pages\/405"}],"collection":[{"href":"https:\/\/sw-osterfeine.de\/index.php?rest_route=\/wp\/v2\/pages"}],"about":[{"href":"https:\/\/sw-osterfeine.de\/index.php?rest_route=\/wp\/v2\/types\/page"}],"author":[{"embeddable":true,"href":"https:\/\/sw-osterfeine.de\/index.php?rest_route=\/wp\/v2\/users\/3"}],"replies":[{"embeddable":true,"href":"https:\/\/sw-osterfeine.de\/index.php?rest_route=%2Fwp%2Fv2%2Fcomments&post=405"}],"version-history":[{"count":15,"href":"https:\/\/sw-osterfeine.de\/index.php?rest_route=\/wp\/v2\/pages\/405\/revisions"}],"predecessor-version":[{"id":12023,"href":"https:\/\/sw-osterfeine.de\/index.php?rest_route=\/wp\/v2\/pages\/405\/revisions\/12023"}],"wp:attachment":[{"href":"https:\/\/sw-osterfeine.de\/index.php?rest_route=%2Fwp%2Fv2%2Fmedia&parent=405"}],"curies":[{"name":"wp","href":"https:\/\/api.w.org\/{rel}","templated":true}]}}