{"id":455,"date":"2009-01-22T19:31:15","date_gmt":"2009-01-22T18:31:15","guid":{"rendered":"http:\/\/sw-osterfeine.de\/?page_id=455"},"modified":"2014-08-19T10:29:30","modified_gmt":"2014-08-19T08:29:30","slug":"ergebnismeldung","status":"publish","type":"page","link":"https:\/\/sw-osterfeine.de\/?page_id=455","title":{"rendered":"Ergebnismeldung"},"content":{"rendered":"<p>Spielergebnisse k\u00f6nnen auf vier verschiedene Wege in das SIS eingegeben werden:<\/p>\n<p>1. \u00a0direkt im Internet unter <a href=\"http:\/\/www.dfbnet.org\/\">http:\/\/www.dfbnet.org\/<\/a><\/p>\n<p>2. \u00a0fernm\u00fcndlich per Telefon (Tastatureingabe oder Sprachcomputer<\/p>\n<p>3. \u00a0\u00fcber die WAP-Schnittstelle eines Handys<\/p>\n<p>4. \u00a0als SMS mit dem Handy<\/p>\n<p>F\u00fcr jede Art der Meldung werden die DFBnet-Kennung (setzt sich zusammen aus Verbands- und Vereinsnummer) sowie das DFBnet-Kennwort (Passwort)\u00a0ben\u00f6tigt.\u00a0F\u00fcr die Meldung mittels Telefon (Weg b bis c)\u00a0ist dar\u00fcber hinaus die Spielkennung erforderlich.<\/p>\n<p>Die Meldung nach a) wird als bekannt vorausgesetzt und hier nicht weiter erl\u00e4utert (s. a. <a href=\"http:\/\/www.dfbnet.org\/handbuch\/index.html\">http:\/\/www.dfbnet.org\/handbuch\/index.html<\/a>). Die Verfahren nach b) und c) k\u00f6nnen\u00a0aus den nebenstehenden PDFs des DFB\u00a0erlesen werden; die Dokumente\u00a0sind besonders zum Ausdrucken geeignet.\u00a0Ein Ergebnis\u00a0wird per SMS durch Eingabe des\u00a0folgenden Textes in das Handy gemeldet (ohne eckige Klammern): <em>dfbnet [DFBnet-Kennung] [DFBnet-Kennwort] [Spielkennung] [Tore Heim]:[Tore Gast] <\/em><\/p>\n<p><em> <\/em><strong>Bitte darauf achten, dass die Ergebnisse binnen einer Stunde nach Spielschlu\u00df im DFBnet gemeldet sind!<\/strong><\/p>\n<p>F\u00fcr Sonderereignise gelten\u00a0folgende Werte ein:<\/p>\n<table style=\"width: 499px;\" border=\"1\" cellspacing=\"2\" cellpadding=\"0\">\n<tbody>\n<tr>\n<td width=\"50%\" height=\"18\">\n<p><strong>Sonderereignis<\/strong><\/p>\n<\/td>\n<td width=\"50%\" height=\"18\">\n<p align=\"center\"><strong>Numerischer Wert<\/strong><\/p>\n<\/td>\n<\/tr>\n<tr>\n<td width=\"50%\" height=\"17\">\n<p>Spielausfall<\/p>\n<\/td>\n<td width=\"50%\" height=\"17\">\n<p align=\"center\">1<\/p>\n<\/td>\n<\/tr>\n<tr>\n<td width=\"50%\" height=\"17\">\n<p>Abbruch<\/p>\n<\/td>\n<td width=\"50%\" height=\"17\">\n<p align=\"center\">2<\/p>\n<\/td>\n<\/tr>\n<tr>\n<td width=\"50%\" height=\"17\">\n<p>Nichtantritt Heimmannschaft<\/p>\n<\/td>\n<td width=\"50%\" height=\"17\">\n<p align=\"center\">3<\/p>\n<\/td>\n<\/tr>\n<tr>\n<td width=\"50%\" height=\"17\">\n<p>Nichtantritt Gastmannschaft<\/p>\n<\/td>\n<td width=\"50%\" height=\"17\">\n<p align=\"center\">4<\/p>\n<\/td>\n<\/tr>\n<tr>\n<td width=\"50%\" height=\"17\">\n<p>Nichtantritt beide<\/p>\n<\/td>\n<td width=\"50%\" height=\"17\">\n<p align=\"center\">5<\/p>\n<\/td>\n<\/tr>\n<tr>\n<td width=\"50%\" height=\"17\">\n<p>Annullierung<\/p>\n<\/td>\n<td width=\"50%\" height=\"17\">\n<p align=\"center\">6<\/p>\n<\/td>\n<\/tr>\n<\/tbody>\n<\/table>\n<p>Die neunstellige Spielkennung\u00a0gibt es\u00a0im DFBnet oder unter fussball.de und setzt sich zusammen aus der Staffel-ID (z. B. 010860)\u00a0und\u00a0Spielnummer (z. B. 004). Bitte darauf achten, dass diese zum Spiel vorliegt!<br \/>\n Dazu am besten den Spielplan im DFBnet ausdrucken und mitf\u00fchren, dort ist die Kennung in der 1. Spalte zu finden.<br \/>\n Als Trennzeichen k\u00f6nnen das Leerzeichen ( ), die Raute (#), das Komma (,) oder der Strichpunkt (;) verwendet werden, siehe Beispiele unten.<br \/>\n Die SMS schicken Sie an die Kurzwahlnummer <strong>33355<\/strong> (0,19 ? pro SMS). Diese Nummer ist f\u00fcr alle Provider g\u00fcltig (T-Mobile, E-Plus, Vodafone etc.).<\/p>\n<p><strong><\/strong><strong>Beispiele, angepa\u00dft f\u00fcr unseren Verein<\/strong>:<\/p>\n<p>1.)SMS-Meldung\u00a0des Spiels SWO III gegen RW Visbek III, Endstand 3:3:<br \/>\n dfbnet#01084320#<em>abcde<\/em>f#010860004#3:3<br \/>\n oder <br \/>\n dfbnet 01084320 <em>abcdef<\/em> 010860004 3:3<\/p>\n<p>2. SMS-Meldung obigen Spiels mit dem (fiktiven) Sonderereignis &#8222;Spielausfall&#8220;:<br \/>\n dfbnet,01084320,<em>abcdef<\/em>,010860004,1<br \/>\n oder <br \/>\n dfbnet;01084320;<em>abcde<\/em>f;010860004;1<\/p>\n<p><em>abcdef<\/em> = Platzhalter f\u00fcr das\u00a0Kennwort, das aus Sicherheitsgr\u00fcnden nicht an dieser Stelle ver\u00f6ffentlicht wird, gibt es bei unserem Fu\u00dfballobmann.<\/p>\n<p><strong>Folgende Anleitungen k\u00f6nnen heruntergeladen werden und durchaus hilfreich sein:<\/strong><\/p>\n<ul>\n<li><a href=\"https:\/\/sw-osterfeine.de\/wp-content\/uploads\/2009\/01\/Kurzanleitung_Telefon_Ergebnismeldung.pdf\" target=\"_blank\">Kurzanleitung f\u00fcr die telefonische Ergebnismeldung<\/a><\/li>\n<li><a href=\"https:\/\/sw-osterfeine.de\/wp-content\/uploads\/2009\/01\/Anleitung_Telefonische-Ergebnismeldung.pdf\" target=\"_blank\">Anleitung f\u00fcr die telefonische Ergebnismeldung<\/a><\/li>\n<li><a href=\"https:\/\/sw-osterfeine.de\/wp-content\/uploads\/2009\/01\/SMS-Ergebnismeldung.pdf\" target=\"_blank\">Anleitung f\u00fcr die SMS Ergebnismeldung<\/a><\/li>\n<li><a href=\"https:\/\/sw-osterfeine.de\/wp-content\/uploads\/2009\/01\/WAP_im_Spielbetrieb.pdf\" target=\"_blank\">Ergebniseingabe \u00fcber die WAP-Schnittstelle eines Handys<\/a><\/li>\n<\/ul>\n<p>&nbsp;<\/p>\n","protected":false},"excerpt":{"rendered":"<p>Spielergebnisse k\u00f6nnen auf vier verschiedene Wege in das SIS eingegeben werden: 1. \u00a0direkt im Internet unter http:\/\/www.dfbnet.org\/ 2. \u00a0fernm\u00fcndlich per Telefon (Tastatureingabe oder Sprachcomputer 3. \u00a0\u00fcber die WAP-Schnittstelle eines Handys 4. \u00a0als SMS mit dem Handy F\u00fcr jede Art der Meldung werden die DFBnet-Kennung (setzt sich zusammen aus Verbands- und Vereinsnummer) sowie das DFBnet-Kennwort (Passwort)\u00a0ben\u00f6tigt.\u00a0F\u00fcr [&hellip;]<\/p>\n","protected":false},"author":3,"featured_media":0,"parent":238,"menu_order":602,"comment_status":"closed","ping_status":"closed","template":"","meta":{"footnotes":""},"_links":{"self":[{"href":"https:\/\/sw-osterfeine.de\/index.php?rest_route=\/wp\/v2\/pages\/455"}],"collection":[{"href":"https:\/\/sw-osterfeine.de\/index.php?rest_route=\/wp\/v2\/pages"}],"about":[{"href":"https:\/\/sw-osterfeine.de\/index.php?rest_route=\/wp\/v2\/types\/page"}],"author":[{"embeddable":true,"href":"https:\/\/sw-osterfeine.de\/index.php?rest_route=\/wp\/v2\/users\/3"}],"replies":[{"embeddable":true,"href":"https:\/\/sw-osterfeine.de\/index.php?rest_route=%2Fwp%2Fv2%2Fcomments&post=455"}],"version-history":[{"count":7,"href":"https:\/\/sw-osterfeine.de\/index.php?rest_route=\/wp\/v2\/pages\/455\/revisions"}],"predecessor-version":[{"id":461,"href":"https:\/\/sw-osterfeine.de\/index.php?rest_route=\/wp\/v2\/pages\/455\/revisions\/461"}],"up":[{"embeddable":true,"href":"https:\/\/sw-osterfeine.de\/index.php?rest_route=\/wp\/v2\/pages\/238"}],"wp:attachment":[{"href":"https:\/\/sw-osterfeine.de\/index.php?rest_route=%2Fwp%2Fv2%2Fmedia&parent=455"}],"curies":[{"name":"wp","href":"https:\/\/api.w.org\/{rel}","templated":true}]}}