{"id":5116,"date":"2012-09-06T17:20:05","date_gmt":"2012-09-06T16:20:05","guid":{"rendered":"http:\/\/sw-osterfeine.de\/?page_id=5116"},"modified":"2012-09-06T17:29:53","modified_gmt":"2012-09-06T16:29:53","slug":"h","status":"publish","type":"page","link":"https:\/\/sw-osterfeine.de\/?page_id=5116","title":{"rendered":"Das Ehrenamt"},"content":{"rendered":"<p>&nbsp;<\/p>\n<p>Freiwilliges Engagement ist Ausdruck von Verantwortung und ein wesentlicher Beitrag f\u00fcr faire Chancen in unserer Gesellschaft. Die ehrenamtlich T\u00e4tigen bereichern das soziale Miteinander und vermitteln Erfolserlebnisse, die pr\u00e4gend sein k\u00f6nnen f\u00fcr das ganze Leben. Das freiwillige, unentgeltliche Engagement idealistisch orientierter Menschen in einem Ehrenamt, als tragende S\u00e4ule der Gesellschaft, ger\u00e4t jedoch ins Wanken. Demografische Faktoren, gr\u00f6\u00dfer werdende individuelle Zw\u00e4nge aus der fortschreitenden Globalisierung und egoorientierte \u201emoderne\u201c Lebensweisen in der j\u00fcngeren Generation lassen Interesse und Zeit f\u00fcr ein gemeinschaftliches Miteinander der Menschen schwinden. Gleichzeitig wird die Belastung und die Arbeitsintensit\u00e4t f\u00fcr die Vereine immer h\u00f6her. Ein Teufelskreis. Hier gilt es daher L\u00f6sungsm\u00f6glichkeiten zu finden, damit nicht die wenigen Unerm\u00fcdlichen auch noch die Lust verlieren. \u00d6ffentliche Aufmerksamkeit, Aufkl\u00e4rung in der Gesellschaft und zielgerichtetes Werben um gemeinschaftliches Engagement sind solche L\u00f6sungsm\u00f6glichkeiten. Jeder sollte sich daher fragen, was ihm selbst in der Kindheit oder Jugend beigebracht wurde, welche Freude ihm durch den Sport und damit durch die damaligen Ehrenamtlichen, den Vorstand, die Trainer und Betreuer vermittelt wurde. Wenn jeder nur ein wenig von diesem selbst Erfahrenen an die jetzige Jugend zur\u00fcckgibt, sind wir schon auf einem guten Weg. Abgesehen davon, dass die ehrenamtliche Arbeit der Gesellschaft und h\u00e4ufig auch bed\u00fcrftigen Dritten zugute kommt, macht sie auch noch Spa\u00df, gibt Befriedigung, bildet weiter, macht sich gut im Lebenslauf und und und\u2026<\/p>\n","protected":false},"excerpt":{"rendered":"<p>&nbsp; Freiwilliges Engagement ist Ausdruck von Verantwortung und ein wesentlicher Beitrag f\u00fcr faire Chancen in unserer Gesellschaft. Die ehrenamtlich T\u00e4tigen bereichern das soziale Miteinander und vermitteln Erfolserlebnisse, die pr\u00e4gend sein k\u00f6nnen f\u00fcr das ganze Leben. Das freiwillige, unentgeltliche Engagement idealistisch orientierter Menschen in einem Ehrenamt, als tragende S\u00e4ule der Gesellschaft, ger\u00e4t jedoch ins Wanken. Demografische [&hellip;]<\/p>\n","protected":false},"author":3,"featured_media":0,"parent":178,"menu_order":0,"comment_status":"closed","ping_status":"closed","template":"","meta":{"footnotes":""},"_links":{"self":[{"href":"https:\/\/sw-osterfeine.de\/index.php?rest_route=\/wp\/v2\/pages\/5116"}],"collection":[{"href":"https:\/\/sw-osterfeine.de\/index.php?rest_route=\/wp\/v2\/pages"}],"about":[{"href":"https:\/\/sw-osterfeine.de\/index.php?rest_route=\/wp\/v2\/types\/page"}],"author":[{"embeddable":true,"href":"https:\/\/sw-osterfeine.de\/index.php?rest_route=\/wp\/v2\/users\/3"}],"replies":[{"embeddable":true,"href":"https:\/\/sw-osterfeine.de\/index.php?rest_route=%2Fwp%2Fv2%2Fcomments&post=5116"}],"version-history":[{"count":3,"href":"https:\/\/sw-osterfeine.de\/index.php?rest_route=\/wp\/v2\/pages\/5116\/revisions"}],"predecessor-version":[{"id":5132,"href":"https:\/\/sw-osterfeine.de\/index.php?rest_route=\/wp\/v2\/pages\/5116\/revisions\/5132"}],"up":[{"embeddable":true,"href":"https:\/\/sw-osterfeine.de\/index.php?rest_route=\/wp\/v2\/pages\/178"}],"wp:attachment":[{"href":"https:\/\/sw-osterfeine.de\/index.php?rest_route=%2Fwp%2Fv2%2Fmedia&parent=5116"}],"curies":[{"name":"wp","href":"https:\/\/api.w.org\/{rel}","templated":true}]}}