{"id":5117,"date":"2012-09-06T17:27:12","date_gmt":"2012-09-06T16:27:12","guid":{"rendered":"http:\/\/sw-osterfeine.de\/?page_id=5117"},"modified":"2012-09-06T17:29:55","modified_gmt":"2012-09-06T16:29:55","slug":"unser-weg","status":"publish","type":"page","link":"https:\/\/sw-osterfeine.de\/?page_id=5117","title":{"rendered":"Unser Weg"},"content":{"rendered":"<p>&nbsp;<\/p>\n<p>Unsere Gr\u00fcndungsv\u00e4ter haben uns schon in der ersten Satzung mit auf den Weg gegeben, dass der OSV sich der Pflege und F\u00f6rderung des Sport, der allgemeinen Jugendarbeit und der \u00f6ffentlichen Gesundheitspflege verschrieben hat, wobei besondere Bedeutung den Jugendlichen und Kindern zukommen soll. Dieser satzungsm\u00e4\u00dfig vorgegebene Zweck sagt alles \u00fcber den Weg des SWO aus. Wir beim SW Osterfeine legen neben dem sportlichen Ehrgeiz vor allem Wert auf die ehrenamtliche Jugendarbeit und die damit \u2013 hoffentlich \u2013 verbundene erzieherische Wirkung auf unsere Jugendlichen. Der DFB hat vor einigen Jahren den Slogan \u201eHolt die Kinder von der Stra\u00dfe\u201c initiiert. Genau das ist Hauptziel unserer Arbeit. Wir wollen und werden allen, die zu uns kommen, die M\u00f6glichkeit bieten, in unserem Verein, Sport zu treiben. Ob alt ob jung, ob m\u00e4nnlich oder weiblich, ob talentiert oder eher talentfrei, ob arm oder reich oder in Zentral-Osterfeine oder Zentralafrika geboren. Daraus folgt zwangsl\u00e4ufig, dass Egoismen zur\u00fcckgestellt werden um den Gemeinschaftssinn zu pflegen, daraus folgt, dass mit intensiver ehrenamtlicher T\u00e4tigkeit, die Beitr\u00e4ge m\u00f6glichst gering gehalten werden. Daraus folgt jedoch vor allem, dass wir mit unseren eigenen Leuten, ohne diese auch nur ansatzweise hierf\u00fcr zu entsch\u00e4digen, Sport treiben. Sei es in der ersten Herren- oder Damenmannschaft oder in der Seniorenturngruppe.<\/p>\n","protected":false},"excerpt":{"rendered":"<p>&nbsp; Unsere Gr\u00fcndungsv\u00e4ter haben uns schon in der ersten Satzung mit auf den Weg gegeben, dass der OSV sich der Pflege und F\u00f6rderung des Sport, der allgemeinen Jugendarbeit und der \u00f6ffentlichen Gesundheitspflege verschrieben hat, wobei besondere Bedeutung den Jugendlichen und Kindern zukommen soll. Dieser satzungsm\u00e4\u00dfig vorgegebene Zweck sagt alles \u00fcber den Weg des SWO aus. [&hellip;]<\/p>\n","protected":false},"author":3,"featured_media":0,"parent":178,"menu_order":0,"comment_status":"closed","ping_status":"closed","template":"","meta":{"footnotes":""},"_links":{"self":[{"href":"https:\/\/sw-osterfeine.de\/index.php?rest_route=\/wp\/v2\/pages\/5117"}],"collection":[{"href":"https:\/\/sw-osterfeine.de\/index.php?rest_route=\/wp\/v2\/pages"}],"about":[{"href":"https:\/\/sw-osterfeine.de\/index.php?rest_route=\/wp\/v2\/types\/page"}],"author":[{"embeddable":true,"href":"https:\/\/sw-osterfeine.de\/index.php?rest_route=\/wp\/v2\/users\/3"}],"replies":[{"embeddable":true,"href":"https:\/\/sw-osterfeine.de\/index.php?rest_route=%2Fwp%2Fv2%2Fcomments&post=5117"}],"version-history":[{"count":3,"href":"https:\/\/sw-osterfeine.de\/index.php?rest_route=\/wp\/v2\/pages\/5117\/revisions"}],"predecessor-version":[{"id":5129,"href":"https:\/\/sw-osterfeine.de\/index.php?rest_route=\/wp\/v2\/pages\/5117\/revisions\/5129"}],"up":[{"embeddable":true,"href":"https:\/\/sw-osterfeine.de\/index.php?rest_route=\/wp\/v2\/pages\/178"}],"wp:attachment":[{"href":"https:\/\/sw-osterfeine.de\/index.php?rest_route=%2Fwp%2Fv2%2Fmedia&parent=5117"}],"curies":[{"name":"wp","href":"https:\/\/api.w.org\/{rel}","templated":true}]}}