{"id":5126,"date":"2012-09-06T17:27:35","date_gmt":"2012-09-06T16:27:35","guid":{"rendered":"http:\/\/sw-osterfeine.de\/?page_id=5126"},"modified":"2012-09-06T17:29:54","modified_gmt":"2012-09-06T16:29:54","slug":"ein-novum-im-sport-eine-komplett-eigene-vereinssporthalle","status":"publish","type":"page","link":"https:\/\/sw-osterfeine.de\/?page_id=5126","title":{"rendered":"Ein Novum im Sport: Eine komplett eigene Vereinssporthalle"},"content":{"rendered":"<p>&nbsp;<\/p>\n<p>Mit gro\u00dfer Voraussicht und schon damals mit dem Grundgedanken, den Breitensport zu f\u00f6rdern, entschlossen sich die damals Verantwortlichen unseres Vereins eine vereinseigene Sporthalle zu errichten. Mit gro\u00dfem Gemeinsamkeitsgef\u00fchl und Eigeninitiative sowie unfassbaren Eigenleistungen wurde unsere Sporthalle in den Jahren 1973\/74 erbaut und am 07.04.1974 feierlich eingeweiht. Ende der 90er Jahre erfolgte dann der Trib\u00fcnenanbau, mit der jetzigen Cafeteria und in neuem Glanz stellt sich die Halle, einschlie\u00dflich der Nebenanlage und des Gymnastikraumes seit der umfangreichen Renovierung in den Jahren 2006 bis 2008 dar. Alle Sportler und Mitglieder k\u00f6nnen sich daher f\u00fcr die Weitsichtigkeit und den Gemeinschaftssinn der unz\u00e4hligen Freiwilligen bedanken, dass es den Osterfeiner Mitgliedern bis heute m\u00f6glich ist, in einer selbst erbauten, uns geh\u00f6renden und von uns unterhaltenen Sporthalle uneingeschr\u00e4nkt Sport treiben zu d\u00fcrfen.<\/p>\n","protected":false},"excerpt":{"rendered":"<p>&nbsp; Mit gro\u00dfer Voraussicht und schon damals mit dem Grundgedanken, den Breitensport zu f\u00f6rdern, entschlossen sich die damals Verantwortlichen unseres Vereins eine vereinseigene Sporthalle zu errichten. Mit gro\u00dfem Gemeinsamkeitsgef\u00fchl und Eigeninitiative sowie unfassbaren Eigenleistungen wurde unsere Sporthalle in den Jahren 1973\/74 erbaut und am 07.04.1974 feierlich eingeweiht. Ende der 90er Jahre erfolgte dann der Trib\u00fcnenanbau, [&hellip;]<\/p>\n","protected":false},"author":3,"featured_media":0,"parent":178,"menu_order":0,"comment_status":"closed","ping_status":"closed","template":"","meta":{"footnotes":""},"_links":{"self":[{"href":"https:\/\/sw-osterfeine.de\/index.php?rest_route=\/wp\/v2\/pages\/5126"}],"collection":[{"href":"https:\/\/sw-osterfeine.de\/index.php?rest_route=\/wp\/v2\/pages"}],"about":[{"href":"https:\/\/sw-osterfeine.de\/index.php?rest_route=\/wp\/v2\/types\/page"}],"author":[{"embeddable":true,"href":"https:\/\/sw-osterfeine.de\/index.php?rest_route=\/wp\/v2\/users\/3"}],"replies":[{"embeddable":true,"href":"https:\/\/sw-osterfeine.de\/index.php?rest_route=%2Fwp%2Fv2%2Fcomments&post=5126"}],"version-history":[{"count":3,"href":"https:\/\/sw-osterfeine.de\/index.php?rest_route=\/wp\/v2\/pages\/5126\/revisions"}],"predecessor-version":[{"id":5133,"href":"https:\/\/sw-osterfeine.de\/index.php?rest_route=\/wp\/v2\/pages\/5126\/revisions\/5133"}],"up":[{"embeddable":true,"href":"https:\/\/sw-osterfeine.de\/index.php?rest_route=\/wp\/v2\/pages\/178"}],"wp:attachment":[{"href":"https:\/\/sw-osterfeine.de\/index.php?rest_route=%2Fwp%2Fv2%2Fmedia&parent=5126"}],"curies":[{"name":"wp","href":"https:\/\/api.w.org\/{rel}","templated":true}]}}