{"id":5570,"date":"2012-10-16T15:16:22","date_gmt":"2012-10-16T14:16:22","guid":{"rendered":"http:\/\/sw-osterfeine.de\/?page_id=5570"},"modified":"2017-02-03T16:38:58","modified_gmt":"2017-02-03T15:38:58","slug":"informationen","status":"publish","type":"page","link":"https:\/\/sw-osterfeine.de\/?page_id=5570","title":{"rendered":"Informationen"},"content":{"rendered":"<p style=\"text-align: justify;\">&#8211; schon seit 2009 sind wir aktiv unter dem Namen Lauftreff SW Osterfeine<\/p>\n<p>&#8211; aus anfangs 4 sind mittlerweile fast 40 L\u00e4ufer geworden<\/p>\n<p>&#8211; am Wochenende laufen wir nach Absprache via Whatts App, Email oder SMS<\/p>\n<p>&#8211; Streckendistanzen von 3-30 km haben haben wir bisher absolviert, einige sogar schon den Marathon<\/p>\n<p>&#8211; keiner muss alleine laufen<\/p>\n<p>&#8211; kein Leistungszwang! Aber eigener sportlicher Ehrgeiz, k\u00f6rperliche Fitness und Gesundheit stehen im Vordergrund<\/p>\n<p>&#8211; Unsere Strecken verlaufen in der Regel auf Teerstra\u00dfen, Waldwegen, Schotter etc.<\/p>\n<p>&#8211; Regelm\u00e4\u00dfig starten wir im Oldenburger M\u00fcnsterland bei den bekannten Veranstaltungen (Stadtlauf, Volkslauf etc.)<\/p>\n<p>&#8211; sogar mehrere Triathleten haben wir mittlerweile im Team<\/p>\n<p>&#8211; der j\u00e4hrlich am 3. Oktober wiederkehrende &#8222;SW Osterfeine SgH D\u00fcmmerlauf&#8220; findet gro\u00dfen Zuspruch in der L\u00e4uferszene<\/p>\n<p>&#8211; eigene Laufshirts \/ Trikots, Trainingsanz\u00fcge!<\/p>\n<p>&#8211; Neuzug\u00e4nge, egal ob Anf\u00e4nger oder Profi immer willkommen!<\/p>\n<p>&#8211; einfache, bezahlbare und leichte M\u00f6glichkeit sich fit zu halten, Schuhe an und los!<\/p>\n","protected":false},"excerpt":{"rendered":"<p>&#8211; schon seit 2009 sind wir aktiv unter dem Namen Lauftreff SW Osterfeine &#8211; aus anfangs 4 sind mittlerweile fast 40 L\u00e4ufer geworden &#8211; am Wochenende laufen wir nach Absprache via Whatts App, Email oder SMS &#8211; Streckendistanzen von 3-30 km haben haben wir bisher absolviert, einige sogar schon den Marathon &#8211; keiner muss alleine [&hellip;]<\/p>\n","protected":false},"author":3,"featured_media":0,"parent":5561,"menu_order":0,"comment_status":"closed","ping_status":"closed","template":"","meta":{"footnotes":""},"_links":{"self":[{"href":"https:\/\/sw-osterfeine.de\/index.php?rest_route=\/wp\/v2\/pages\/5570"}],"collection":[{"href":"https:\/\/sw-osterfeine.de\/index.php?rest_route=\/wp\/v2\/pages"}],"about":[{"href":"https:\/\/sw-osterfeine.de\/index.php?rest_route=\/wp\/v2\/types\/page"}],"author":[{"embeddable":true,"href":"https:\/\/sw-osterfeine.de\/index.php?rest_route=\/wp\/v2\/users\/3"}],"replies":[{"embeddable":true,"href":"https:\/\/sw-osterfeine.de\/index.php?rest_route=%2Fwp%2Fv2%2Fcomments&post=5570"}],"version-history":[{"count":9,"href":"https:\/\/sw-osterfeine.de\/index.php?rest_route=\/wp\/v2\/pages\/5570\/revisions"}],"predecessor-version":[{"id":18603,"href":"https:\/\/sw-osterfeine.de\/index.php?rest_route=\/wp\/v2\/pages\/5570\/revisions\/18603"}],"up":[{"embeddable":true,"href":"https:\/\/sw-osterfeine.de\/index.php?rest_route=\/wp\/v2\/pages\/5561"}],"wp:attachment":[{"href":"https:\/\/sw-osterfeine.de\/index.php?rest_route=%2Fwp%2Fv2%2Fmedia&parent=5570"}],"curies":[{"name":"wp","href":"https:\/\/api.w.org\/{rel}","templated":true}]}}