{"id":59,"date":"2008-12-17T19:03:15","date_gmt":"2008-12-17T18:03:15","guid":{"rendered":"http:\/\/sw-osterfeine.de\/?page_id=59"},"modified":"2024-09-09T10:13:44","modified_gmt":"2024-09-09T08:13:44","slug":"2-herren","status":"publish","type":"page","link":"https:\/\/sw-osterfeine.de\/?page_id=59","title":{"rendered":"2. Herren"},"content":{"rendered":"\n<p><a href=\"https:\/\/sw-osterfeine.de\/wp-content\/uploads\/2024\/08\/IMG_2956.jpg\" data-rel=\"lightbox-image-0\" data-rl_title=\"\" data-rl_caption=\"\" title=\"\"><img loading=\"lazy\" decoding=\"async\" class=\"alignleft size-large wp-image-34829\" src=\"https:\/\/sw-osterfeine.de\/wp-content\/uploads\/2024\/08\/IMG_2956-1024x768.jpg\" alt=\"\" width=\"1024\" height=\"768\" srcset=\"https:\/\/sw-osterfeine.de\/wp-content\/uploads\/2024\/08\/IMG_2956-1024x768.jpg 1024w, https:\/\/sw-osterfeine.de\/wp-content\/uploads\/2024\/08\/IMG_2956-300x225.jpg 300w, https:\/\/sw-osterfeine.de\/wp-content\/uploads\/2024\/08\/IMG_2956-768x576.jpg 768w, https:\/\/sw-osterfeine.de\/wp-content\/uploads\/2024\/08\/IMG_2956-1536x1152.jpg 1536w, https:\/\/sw-osterfeine.de\/wp-content\/uploads\/2024\/08\/IMG_2956.jpg 2016w\" sizes=\"(max-width: 1024px) 100vw, 1024px\" \/><\/a><\/p>\n<p>\u00a0<\/p>\n<p>\u00a0<\/p>\n<p>\u00a0<\/p>\n<p>\u00a0<\/p>\n<p>\u00a0<\/p>\n<p>\u00a0<\/p>\n<p>\u00a0<\/p>\n<p>\u00a0<\/p>\n<p>\u00a0<\/p>\n<p>\u00a0<\/p>\n<p>\u00a0<\/p>\n<p>\u00a0<\/p>\n<p>\u00a0<\/p>\n<p>\u00a0<\/p>\n<p>\u00a0<\/p>\n<p>\u00a0<\/p>\n<p>\u00a0<\/p>\n<p>hinten links:<\/p>\n<p>Maxime M\u00fcnch, Mark Lamping, Frank Deters, Lukas Grote, Jan Kohake, Mark Fischer, Carl-Bernd St\u00e4rk<\/p>\n<p>vorne links:<\/p>\n<p>Felix gr. Hackmann (Trainer), Henning Bley, Erik Schulte, Jannis L\u00fcbbehusen, Jan Bergmann, Justus Krebeck, Tim Kreinest, Hannes St\u00fchrenberg, Jens Gehling, Wolfgang Hoffmann (Betreuer)<\/p>\n<p>Es fehlen:<\/p>\n<p>Julian Heye-Enneking (Trainer) Mats Deters, Jan-Bernd Griefing, Tim R\u00f6mer, Jakob Olberding, Anton Oevermann, Malte Lenger<\/p>\n<p><strong>Training: <\/strong><\/p>\n","protected":false},"excerpt":{"rendered":"<p>\u00a0 \u00a0 \u00a0 \u00a0 \u00a0 \u00a0 \u00a0 \u00a0 \u00a0 \u00a0 \u00a0 \u00a0 \u00a0 \u00a0 \u00a0 \u00a0 \u00a0 hinten links: Maxime M\u00fcnch, Mark Lamping, Frank Deters, Lukas Grote, Jan Kohake, Mark Fischer, Carl-Bernd St\u00e4rk vorne links: Felix gr. Hackmann (Trainer), Henning Bley, Erik Schulte, Jannis L\u00fcbbehusen, Jan Bergmann, Justus Krebeck, Tim Kreinest, Hannes St\u00fchrenberg, Jens Gehling, [&hellip;]<\/p>\n","protected":false},"author":3,"featured_media":0,"parent":6,"menu_order":203,"comment_status":"closed","ping_status":"open","template":"","meta":{"footnotes":""},"_links":{"self":[{"href":"https:\/\/sw-osterfeine.de\/index.php?rest_route=\/wp\/v2\/pages\/59"}],"collection":[{"href":"https:\/\/sw-osterfeine.de\/index.php?rest_route=\/wp\/v2\/pages"}],"about":[{"href":"https:\/\/sw-osterfeine.de\/index.php?rest_route=\/wp\/v2\/types\/page"}],"author":[{"embeddable":true,"href":"https:\/\/sw-osterfeine.de\/index.php?rest_route=\/wp\/v2\/users\/3"}],"replies":[{"embeddable":true,"href":"https:\/\/sw-osterfeine.de\/index.php?rest_route=%2Fwp%2Fv2%2Fcomments&post=59"}],"version-history":[{"count":111,"href":"https:\/\/sw-osterfeine.de\/index.php?rest_route=\/wp\/v2\/pages\/59\/revisions"}],"predecessor-version":[{"id":35010,"href":"https:\/\/sw-osterfeine.de\/index.php?rest_route=\/wp\/v2\/pages\/59\/revisions\/35010"}],"up":[{"embeddable":true,"href":"https:\/\/sw-osterfeine.de\/index.php?rest_route=\/wp\/v2\/pages\/6"}],"wp:attachment":[{"href":"https:\/\/sw-osterfeine.de\/index.php?rest_route=%2Fwp%2Fv2%2Fmedia&parent=59"}],"curies":[{"name":"wp","href":"https:\/\/api.w.org\/{rel}","templated":true}]}}