{"id":6,"date":"2008-12-16T18:54:04","date_gmt":"2008-12-16T17:54:04","guid":{"rendered":"http:\/\/sw-osterfeine.de\/?page_id=6"},"modified":"2026-01-29T11:11:55","modified_gmt":"2026-01-29T10:11:55","slug":"gastebuch","status":"publish","type":"page","link":"https:\/\/sw-osterfeine.de\/?page_id=6","title":{"rendered":"FUSSBALL"},"content":{"rendered":"<table border=\"0\">\n<tbody>\n<tr>\n<td>\n<h4>Senioren Fu\u00dfballobmann:<\/h4>\n<p>Hans-J\u00fcrgen Lapke<br \/>\nOrtsteil R\u00fcschendorf<br \/>\nIm Kr\u00e4utergarten 6<br \/>\nD-49401 Damme<\/p>\n<p>Tel.: 05491\/977577<br \/>\nMobil: 0172\/5465931<br \/>\nE-Mail: hans-juergen.lapke@gmx.de<\/td>\n<td><\/td>\n<\/tr>\n<tr>\n<td>\n<h4>Jugendausschuss<\/h4>\n<p>Marco Otte<\/p>\n<p>Am Pickerweg 10<br \/>\n49401 Damme \/ Osterfeine<br \/>\nTel.: 05491\/907418<\/p>\n<p>Mobil: 0173\/5350190<\/p>\n<p>e-mail: marco.otte@vodafone.de<\/td>\n<td><\/td>\n<\/tr>\n<tr>\n<td>\n<h4>Hallenrunde<\/h4>\n<p>J\u00fcrgen Kreinest<\/p>\n<p>Am Pickerweg 12<\/p>\n<p>49401 Damme \/ Osterfeine<br \/>\nTel.: 05491\/977666<br \/>\nMobil: 0176\/11968824<br \/>\nE-Mail: j.kreinest@schwarzer-spedition.de<\/td>\n<td><\/td>\n<\/tr>\n<tr>\n<td>\n<h4>Spielverlegungen und Spielabsagen bei wegen &#8222;Schlechtwetter&#8220;<\/h4>\n<p>Marco Otte<\/p>\n<p>Am Pickerweg 10<br \/>\n49401 Damme \/ Osterfeine<br \/>\nTel.: 05491\/907418<\/p>\n<p>Mobil: 0173\/5350190<\/p>\n<p>e-mail: marco.otte@vodafone.de<\/td>\n<td><\/td>\n<\/tr>\n<tr>\n<td>\n<h4>Postanschrift:<\/h4>\n<p>Spvgg. SW Osterfeine e. V.<br \/>\nFu\u00dfballabteilung<br \/>\nKl\u00fcnenberg 11<br \/>\nD-49401 Damme<\/p>\n<h4>Fu\u00dfballtrainer und Betreuer im OSV mit Kontaktdaten (2023 \/ 2024):<\/h4>\n<p><a href=\"https:\/\/sw-osterfeine.de\/wp-content\/uploads\/2026\/01\/Trainer-und-Betreuerliste-2025-2026.pdf\">Trainer- und Betreuerliste 2025-2026<\/a><\/td>\n<\/tr>\n<\/tbody>\n<\/table>\n","protected":false},"excerpt":{"rendered":"<p>Senioren Fu\u00dfballobmann: Hans-J\u00fcrgen Lapke Ortsteil R\u00fcschendorf Im Kr\u00e4utergarten 6 D-49401 Damme Tel.: 05491\/977577 Mobil: 0172\/5465931 E-Mail: hans-juergen.lapke@gmx.de Jugendausschuss Marco Otte Am Pickerweg 10 49401 Damme \/ Osterfeine Tel.: 05491\/907418 Mobil: 0173\/5350190 e-mail: marco.otte@vodafone.de Hallenrunde J\u00fcrgen Kreinest Am Pickerweg 12 49401 Damme \/ Osterfeine Tel.: 05491\/977666 Mobil: 0176\/11968824 E-Mail: j.kreinest@schwarzer-spedition.de Spielverlegungen und Spielabsagen bei wegen &#8222;Schlechtwetter&#8220; [&hellip;]<\/p>\n","protected":false},"author":3,"featured_media":0,"parent":0,"menu_order":2,"comment_status":"closed","ping_status":"closed","template":"","meta":{"footnotes":""},"_links":{"self":[{"href":"https:\/\/sw-osterfeine.de\/index.php?rest_route=\/wp\/v2\/pages\/6"}],"collection":[{"href":"https:\/\/sw-osterfeine.de\/index.php?rest_route=\/wp\/v2\/pages"}],"about":[{"href":"https:\/\/sw-osterfeine.de\/index.php?rest_route=\/wp\/v2\/types\/page"}],"author":[{"embeddable":true,"href":"https:\/\/sw-osterfeine.de\/index.php?rest_route=\/wp\/v2\/users\/3"}],"replies":[{"embeddable":true,"href":"https:\/\/sw-osterfeine.de\/index.php?rest_route=%2Fwp%2Fv2%2Fcomments&post=6"}],"version-history":[{"count":41,"href":"https:\/\/sw-osterfeine.de\/index.php?rest_route=\/wp\/v2\/pages\/6\/revisions"}],"predecessor-version":[{"id":38512,"href":"https:\/\/sw-osterfeine.de\/index.php?rest_route=\/wp\/v2\/pages\/6\/revisions\/38512"}],"wp:attachment":[{"href":"https:\/\/sw-osterfeine.de\/index.php?rest_route=%2Fwp%2Fv2%2Fmedia&parent=6"}],"curies":[{"name":"wp","href":"https:\/\/api.w.org\/{rel}","templated":true}]}}