{"id":625,"date":"2009-02-01T13:01:51","date_gmt":"2009-02-01T12:01:51","guid":{"rendered":"http:\/\/sw-osterfeine.de\/?page_id=625"},"modified":"2021-11-03T09:29:42","modified_gmt":"2021-11-03T08:29:42","slug":"anfahrt-osterfeine","status":"publish","type":"page","link":"https:\/\/sw-osterfeine.de\/?page_id=625","title":{"rendered":"Anfahrt zum Sportplatz in Osterfeine"},"content":{"rendered":"<p><strong>Aus Richtung Damme:<\/strong><\/p>\n<p>Fahren Sie auf der Lembrucher Stra\u00dfe (L 853) und nehmen sie die Dammerortsausfahrt in Richtung D\u00fcmmer See. Biegen sie kurz nach der Ortsausfahrt links auf die Bergfeiner Stra\u00dfe ab und folgen sie dem Stra\u00dfenverlauf f\u00fcr ca. 4 km. Nachdem sie das Ortseingangsschild Osterfeine passiert haben, biegen sie links auf Kl\u00fcnenberg ab und folgen dem Stra\u00dfenverlauf f\u00fcr 700 m. Biegen sie nun rechts ab auf Kl\u00fcnenberg und biegen sie nach 200 m links ab, dann haben sie unseren Sportplatz erreicht.<\/p>\n<p><strong>Aus Richtung Steinfeld:<\/strong><\/p>\n<p>Fahren sie auf der Diepholzer Stra\u00dfe in Richtung Steinfelder Ortsausfahrt Diepholz. Biegen Sie rechts auf die Lehmdener Stra\u00dfe Richtung Osterfeine, D\u00fcmmer See ab. Folgen Sie dem Stra\u00dfenverlauf f\u00fcr 7 km. Anschlie\u00dfend biegen sie rechts auf die Sandstra\u00dfe ab und biegen nach 600m erneut rechts auf den Vechtaer Weg ab. Sie fahren an der Grundschule vorbei und biegen die n\u00e4chstm\u00f6gliche links auf Kl\u00fcnenberg ab und biegen erneut die N\u00e4chste rechts ab. Sie haben unseren Sportplatz dann erreicht.<\/p>\n<p><strong>Aus Richtung Lembruch:<\/strong><\/p>\n<p>Fahren Sie Auf der Masch (L 853) und biegen Sie rechts auf die Steinstra\u00dfe in Richtung Osterfeine, Steinfeld ab. Folgen sie dem Stra\u00dfenverlauf f\u00fcr ungef\u00e4hr 1,5 km. Dann biegen sie links auf die Sandstra\u00dfe in Richtung Damme ab und biegen nach 600m erneut rechts auf den Vechtaer Weg ab. Sie fahren an der Grundschule vorbei und biegen die n\u00e4chstm\u00f6gliche links auf Kl\u00fcnenberg ab und biegen erneut die n\u00e4chste rechts ab. Sie haben unseren Sportplatz dann erreicht.<\/p>\n","protected":false},"excerpt":{"rendered":"<p>Aus Richtung Damme: Fahren Sie auf der Lembrucher Stra\u00dfe (L 853) und nehmen sie die Dammerortsausfahrt in Richtung D\u00fcmmer See. Biegen sie kurz nach der Ortsausfahrt links auf die Bergfeiner Stra\u00dfe ab und folgen sie dem Stra\u00dfenverlauf f\u00fcr ca. 4 km. Nachdem sie das Ortseingangsschild Osterfeine passiert haben, biegen sie links auf Kl\u00fcnenberg ab und [&hellip;]<\/p>\n","protected":false},"author":3,"featured_media":0,"parent":0,"menu_order":1100,"comment_status":"closed","ping_status":"closed","template":"","meta":{"footnotes":""},"_links":{"self":[{"href":"https:\/\/sw-osterfeine.de\/index.php?rest_route=\/wp\/v2\/pages\/625"}],"collection":[{"href":"https:\/\/sw-osterfeine.de\/index.php?rest_route=\/wp\/v2\/pages"}],"about":[{"href":"https:\/\/sw-osterfeine.de\/index.php?rest_route=\/wp\/v2\/types\/page"}],"author":[{"embeddable":true,"href":"https:\/\/sw-osterfeine.de\/index.php?rest_route=\/wp\/v2\/users\/3"}],"replies":[{"embeddable":true,"href":"https:\/\/sw-osterfeine.de\/index.php?rest_route=%2Fwp%2Fv2%2Fcomments&post=625"}],"version-history":[{"count":7,"href":"https:\/\/sw-osterfeine.de\/index.php?rest_route=\/wp\/v2\/pages\/625\/revisions"}],"predecessor-version":[{"id":29060,"href":"https:\/\/sw-osterfeine.de\/index.php?rest_route=\/wp\/v2\/pages\/625\/revisions\/29060"}],"wp:attachment":[{"href":"https:\/\/sw-osterfeine.de\/index.php?rest_route=%2Fwp%2Fv2%2Fmedia&parent=625"}],"curies":[{"name":"wp","href":"https:\/\/api.w.org\/{rel}","templated":true}]}}