{"id":630,"date":"2009-02-01T13:04:26","date_gmt":"2009-02-01T12:04:26","guid":{"rendered":"http:\/\/sw-osterfeine.de\/?page_id=630"},"modified":"2021-11-03T09:43:34","modified_gmt":"2021-11-03T08:43:34","slug":"anfahrt-ruschendorf","status":"publish","type":"page","link":"https:\/\/sw-osterfeine.de\/?page_id=630","title":{"rendered":"Anfahrt zum Sportplatz in R\u00fcschendorf"},"content":{"rendered":"<p><strong>Aus Richtung Damme:<\/strong><\/p>\n<p>Fahren Sie auf der Borringhauser Stra\u00dfe und passieren Sie die Ortsausfahrt in Richtung Borringhausen. Folgen Sie nun dem Stra\u00dfenverlauf f\u00fcr 3,8 km. Anschlie\u00dfend biegen Sie halb rechts auf Am Sportplatz ab und nach 250 m liegt der R\u00fcschendorfer Sportplatz auf der linken Seite.<\/p>\n<p><strong>Aus Richtung Steinfeld:<\/strong><\/p>\n<p>Fahren sie auf der Diepholzer Stra\u00dfe in Richtung Steinfelder Ortsausfahrt Diepholz. Biegen Sie rechts auf die Lehmdener Stra\u00dfe Richtung Osterfeine, D\u00fcmmer See ab. Folgen Sie dem Stra\u00dfenverlauf f\u00fcr 7 km. Anschlie\u00dfend biegen sie rechts auf die Sandstra\u00dfe abund folgen dem Stra\u00dfenverlauf f\u00fcr ca. 1 km. Biegen Sie hinter der B\u00e4ckerei links auf die Kirchstra\u00dfe ab. Folgen Sie dem Stra\u00dfenverlauf, fahren sie bei der Kreuzung gradeaus und folgen weiter dem Stra\u00dfenverlauf f\u00fcr 2 km. Nach der Discothek Kramer biegen Sie links auf die Dielinger Stra\u00dfe ab und biegen erneut nach 700 m rechts auf Am Sportplatz ab. Nach weiteren 250 m liegt der R\u00fcschendorfer Sportplatz auf der rechten Seite.<\/p>\n<p><strong>Aus Richtung Lembruch:<\/strong><\/p>\n<p>Fahren Sie Auf der Masch (L 853) und biegen Sie links vor der LBD-Tankstelle Auf den D\u00fcnen ab. Folgen Sie dem Stra\u00dfenverlauf f\u00fcr 2 km. Nach der Discothek Kramer biegen Sie links auf die Dielinger Stra\u00dfe ab und biegen erneut nach 700 m rechts auf Am Sportplatz ab. Nach weiteren 250 m liegt der R\u00fcschendorfer Sportplatz auf der rechten Seite.<\/p>\n","protected":false},"excerpt":{"rendered":"<p>Aus Richtung Damme: Fahren Sie auf der Borringhauser Stra\u00dfe und passieren Sie die Ortsausfahrt in Richtung Borringhausen. Folgen Sie nun dem Stra\u00dfenverlauf f\u00fcr 3,8 km. Anschlie\u00dfend biegen Sie halb rechts auf Am Sportplatz ab und nach 250 m liegt der R\u00fcschendorfer Sportplatz auf der linken Seite. Aus Richtung Steinfeld: Fahren sie auf der Diepholzer Stra\u00dfe [&hellip;]<\/p>\n","protected":false},"author":3,"featured_media":0,"parent":0,"menu_order":1101,"comment_status":"closed","ping_status":"closed","template":"","meta":{"footnotes":""},"_links":{"self":[{"href":"https:\/\/sw-osterfeine.de\/index.php?rest_route=\/wp\/v2\/pages\/630"}],"collection":[{"href":"https:\/\/sw-osterfeine.de\/index.php?rest_route=\/wp\/v2\/pages"}],"about":[{"href":"https:\/\/sw-osterfeine.de\/index.php?rest_route=\/wp\/v2\/types\/page"}],"author":[{"embeddable":true,"href":"https:\/\/sw-osterfeine.de\/index.php?rest_route=\/wp\/v2\/users\/3"}],"replies":[{"embeddable":true,"href":"https:\/\/sw-osterfeine.de\/index.php?rest_route=%2Fwp%2Fv2%2Fcomments&post=630"}],"version-history":[{"count":6,"href":"https:\/\/sw-osterfeine.de\/index.php?rest_route=\/wp\/v2\/pages\/630\/revisions"}],"predecessor-version":[{"id":29062,"href":"https:\/\/sw-osterfeine.de\/index.php?rest_route=\/wp\/v2\/pages\/630\/revisions\/29062"}],"wp:attachment":[{"href":"https:\/\/sw-osterfeine.de\/index.php?rest_route=%2Fwp%2Fv2%2Fmedia&parent=630"}],"curies":[{"name":"wp","href":"https:\/\/api.w.org\/{rel}","templated":true}]}}