{"id":703,"date":"2009-02-09T11:35:43","date_gmt":"2009-02-09T10:35:43","guid":{"rendered":"http:\/\/sw-osterfeine.de\/?page_id=703"},"modified":"2025-04-23T08:24:48","modified_gmt":"2025-04-23T06:24:48","slug":"schiedsrichter","status":"publish","type":"page","link":"https:\/\/sw-osterfeine.de\/?page_id=703","title":{"rendered":"Schiedsrichter"},"content":{"rendered":"<h4>F\u00fcr die Schiedsrichter im Verein ist zust\u00e4ndig:<\/h4>\n<table style=\"width: 100%;\" border=\"0\">\n<tbody>\n<tr>\n<td style=\"width: 39.7619%;\">\n<h4><\/h4>\n<h4><strong>Andreas Robke \u00a0<\/strong><\/h4>\n<p>Tel.: 0178\/3606541<\/p>\n<p>E-mail: arobke@gmx.de<\/p>\n<p><span style=\"line-height: 19px;\">\u00a0<\/span><\/td>\n<td style=\"width: 59.2857%;\"><a href=\"https:\/\/sw-osterfeine.de\/wp-content\/uploads\/2025\/04\/Andreas-Robke.jpg\" data-rel=\"lightbox-image-0\" data-rl_title=\"\" data-rl_caption=\"\" title=\"\"><img loading=\"lazy\" decoding=\"async\" class=\"wp-image-36289 size-thumbnail aligncenter\" src=\"https:\/\/sw-osterfeine.de\/wp-content\/uploads\/2025\/04\/Andreas-Robke-150x150.jpg\" alt=\"\" width=\"150\" height=\"150\" \/><\/a><\/td>\n<\/tr>\n<\/tbody>\n<\/table>\n<h4>Folgende Schiedsrichter und Beobachter sind f\u00fcr SW Osterfeine aktiv:<\/h4>\n<p>Maximilian bei der Hake<\/p>\n<p>Christoph Bornhorst<\/p>\n<p>Jannik Bornhorst<\/p>\n<p>Paul Bornhorst<\/p>\n<p>Andre B\u00f6ckmann<\/p>\n<p>Pepe gr. Hackmann<\/p>\n<p>Richard Havermann<\/p>\n<p>Helmut Hellebusch<\/p>\n<p>Carl Hillmann<\/p>\n<p>Thomas Hillmann<\/p>\n<p>Johan Jacob<\/p>\n<p>J\u00fcrgen Jacob<\/p>\n<p>Hans-Dieter Kohake<\/p>\n<p>Justus Krebeck<\/p>\n<p>J\u00fcrgen Kreinest<\/p>\n<p>Heinrich Kruthaup<\/p>\n<p>David Lamping<\/p>\n<p>Andreas Robke<\/p>\n<p>Anton Robke<\/p>\n<p>Ismail Saleem<\/p>\n<h4><\/h4>\n","protected":false},"excerpt":{"rendered":"<p>F\u00fcr die Schiedsrichter im Verein ist zust\u00e4ndig: Andreas Robke \u00a0 Tel.: 0178\/3606541 E-mail: arobke@gmx.de \u00a0 Folgende Schiedsrichter und Beobachter sind f\u00fcr SW Osterfeine aktiv: Maximilian bei der Hake Christoph Bornhorst Jannik Bornhorst Paul Bornhorst Andre B\u00f6ckmann Pepe gr. Hackmann Richard Havermann Helmut Hellebusch Carl Hillmann Thomas Hillmann Johan Jacob J\u00fcrgen Jacob Hans-Dieter Kohake Justus Krebeck [&hellip;]<\/p>\n","protected":false},"author":3,"featured_media":0,"parent":6,"menu_order":201,"comment_status":"closed","ping_status":"closed","template":"","meta":{"footnotes":""},"_links":{"self":[{"href":"https:\/\/sw-osterfeine.de\/index.php?rest_route=\/wp\/v2\/pages\/703"}],"collection":[{"href":"https:\/\/sw-osterfeine.de\/index.php?rest_route=\/wp\/v2\/pages"}],"about":[{"href":"https:\/\/sw-osterfeine.de\/index.php?rest_route=\/wp\/v2\/types\/page"}],"author":[{"embeddable":true,"href":"https:\/\/sw-osterfeine.de\/index.php?rest_route=\/wp\/v2\/users\/3"}],"replies":[{"embeddable":true,"href":"https:\/\/sw-osterfeine.de\/index.php?rest_route=%2Fwp%2Fv2%2Fcomments&post=703"}],"version-history":[{"count":26,"href":"https:\/\/sw-osterfeine.de\/index.php?rest_route=\/wp\/v2\/pages\/703\/revisions"}],"predecessor-version":[{"id":36290,"href":"https:\/\/sw-osterfeine.de\/index.php?rest_route=\/wp\/v2\/pages\/703\/revisions\/36290"}],"up":[{"embeddable":true,"href":"https:\/\/sw-osterfeine.de\/index.php?rest_route=\/wp\/v2\/pages\/6"}],"wp:attachment":[{"href":"https:\/\/sw-osterfeine.de\/index.php?rest_route=%2Fwp%2Fv2%2Fmedia&parent=703"}],"curies":[{"name":"wp","href":"https:\/\/api.w.org\/{rel}","templated":true}]}}