{"id":715,"date":"2009-02-11T10:30:21","date_gmt":"2009-02-11T09:30:21","guid":{"rendered":"http:\/\/sw-osterfeine.de\/?page_id=715"},"modified":"2024-01-31T10:00:49","modified_gmt":"2024-01-31T09:00:49","slug":"beitrittserklarung","status":"publish","type":"page","link":"https:\/\/sw-osterfeine.de\/?page_id=715","title":{"rendered":"Beitrittserkl\u00e4rung"},"content":{"rendered":"<p>Hier k\u00f6nnen sie das Aufnahmeformular f\u00fcr die Mitgliedschaft\u00a0 in den Sportverein \u201eSpielvereinigung Schwarz-Wei\u00df Osterfeine 1925 e.V.\u201c einsehen.<br \/>\nEinfach herunterladen,\u00a0 ausf\u00fcllen und abgeben. Ben\u00f6tigt wird der <a href=\"http:\/\/www.adobe.com\/de\/products\/reader\/\">Acrobat Reader<\/a>.<\/p>\n<ul>\n<li><a href=\"https:\/\/sw-osterfeine.de\/wp-content\/uploads\/2024\/01\/OSV-Beitrittserklaerung-Stand-Januar-2024.pdf\">OSV Beitrittserkl\u00e4rung Stand Januar 2024<\/a><\/li>\n<\/ul>\n","protected":false},"excerpt":{"rendered":"<p>Hier k\u00f6nnen sie das Aufnahmeformular f\u00fcr die Mitgliedschaft\u00a0 in den Sportverein \u201eSpielvereinigung Schwarz-Wei\u00df Osterfeine 1925 e.V.\u201c einsehen. Einfach herunterladen,\u00a0 ausf\u00fcllen und abgeben. Ben\u00f6tigt wird der Acrobat Reader. OSV Beitrittserkl\u00e4rung Stand Januar 2024<\/p>\n","protected":false},"author":3,"featured_media":0,"parent":238,"menu_order":605,"comment_status":"closed","ping_status":"closed","template":"","meta":{"footnotes":""},"_links":{"self":[{"href":"https:\/\/sw-osterfeine.de\/index.php?rest_route=\/wp\/v2\/pages\/715"}],"collection":[{"href":"https:\/\/sw-osterfeine.de\/index.php?rest_route=\/wp\/v2\/pages"}],"about":[{"href":"https:\/\/sw-osterfeine.de\/index.php?rest_route=\/wp\/v2\/types\/page"}],"author":[{"embeddable":true,"href":"https:\/\/sw-osterfeine.de\/index.php?rest_route=\/wp\/v2\/users\/3"}],"replies":[{"embeddable":true,"href":"https:\/\/sw-osterfeine.de\/index.php?rest_route=%2Fwp%2Fv2%2Fcomments&post=715"}],"version-history":[{"count":14,"href":"https:\/\/sw-osterfeine.de\/index.php?rest_route=\/wp\/v2\/pages\/715\/revisions"}],"predecessor-version":[{"id":33619,"href":"https:\/\/sw-osterfeine.de\/index.php?rest_route=\/wp\/v2\/pages\/715\/revisions\/33619"}],"up":[{"embeddable":true,"href":"https:\/\/sw-osterfeine.de\/index.php?rest_route=\/wp\/v2\/pages\/238"}],"wp:attachment":[{"href":"https:\/\/sw-osterfeine.de\/index.php?rest_route=%2Fwp%2Fv2%2Fmedia&parent=715"}],"curies":[{"name":"wp","href":"https:\/\/api.w.org\/{rel}","templated":true}]}}